{"id":570,"date":"2026-03-30T18:27:49","date_gmt":"2026-03-30T16:27:49","guid":{"rendered":"https:\/\/skupstina.hkdrustvo.hr\/51-2026\/?page_id=570"},"modified":"2026-03-30T18:31:47","modified_gmt":"2026-03-30T16:31:47","slug":"upute-autorima-za-prijavu-i-provedbu-radionice","status":"publish","type":"page","link":"https:\/\/skupstina.hkdrustvo.hr\/51-2026\/upute-autorima-za-prijavu-i-provedbu-radionice\/","title":{"rendered":"Upute autorima za prijavu i provedbu radionice"},"content":{"rendered":"<h4><strong>RADIONICA<\/strong><\/h4>\n<p>Radionica je oblik aktivnog u\u010denja kroz prakti\u010dni rad u trajanju do 90 minuta.<\/p>\n<ol>\n<li>Sa\u017eetak za prijavu radionice treba sadr\u017eavati:<\/li>\n<li>naziv radionice (na hrvatskom i engleskom jeziku)<\/li>\n<li>tri klju\u010dne rije\u010di (na hrvatskom i engleskom jeziku)<\/li>\n<li>imena voditelja radionice (s navo\u0111enjem vi\u0161ih akademskih i knji\u017eni\u010darskih zvanja), s nazivom ustanove te e-po\u0161te autora u obliku koji \u0107e biti naveden u programu i programskoj knji\u017eici Skup\u0161tine<\/li>\n<\/ol>\n<p style=\"padding-left: 40px;\">(npr. dr. sc. Vinka Vinkovi\u0107, vi\u0161a knji\u017eni\u010darka; Gradska knji\u017enica i \u010ditaonica Vinkovci; vinka.vinkovic@gmail.com)<\/p>\n<p>jasno nazna\u010denu ulogu voditelja (glavni voditelj, suvoditelj i sl.)<br \/>\nkratku biografsku napomenu (bio) za voditelja (do 100 rije\u010di)<br \/>\n\u2013 o stru\u010dnosti, podru\u010dju rada ili relevantnom iskustvu (na hrvatskom i engleskom jeziku)<br \/>\nopis radionice (do 300 rije\u010di na hrvatskom i engleskom jeziku) koji uklju\u010duje:<br \/>\nopis teme i svrhe radionice<br \/>\njasno definirane ishode u\u010denja (\u0161to \u0107e sudionici znati ili mo\u0107i nakon radionice)<br \/>\nopis metodologije rada (npr. grupni rad, studije slu\u010daja, diskusije, prakti\u010dne vje\u017ebe)<br \/>\nrazinu i na\u010din interaktivnosti sudionika<br \/>\no\u010dekivane rezultate i primjenjivost u praksi<br \/>\nciljanu publiku<br \/>\nmaksimalan broj sudionika radionice<br \/>\npotrebne tehni\u010dke i prostorne uvjete (npr. ra\u010dunala, projektor, rad u grupama, pristup internetu)<br \/>\nnaznaku tematske cjeline kojoj radionica pripada<br \/>\nnapomenu o ponavljanju radionice (ako se predla\u017ee izvo\u0111enje u vi\u0161e termina).<\/p>\n<p>OBAVIJEST O PRIHVA\u0106ANJU SA\u017dETKA<\/p>\n<p>Programski odbor zadr\u017eava pravo recenzijskim postupkom promijeniti vrstu izlaganja i\/ili tematsku cjelinu.<\/p>\n<p>Autorima \u0107e obavijest o prihva\u0107anju sa\u017eetaka biti dostavljena najkasnije do 1. srpnja 2026. godine.<\/p>\n","protected":false},"excerpt":{"rendered":"<p>RADIONICA Radionica je oblik aktivnog u\u010denja kroz prakti\u010dni rad u trajanju do 90 minuta. Sa\u017eetak za prijavu radionice treba sadr\u017eavati: naziv radionice (na hrvatskom i engleskom jeziku) tri klju\u010dne rije\u010di (na hrvatskom i engleskom jeziku) imena voditelja radionice (s navo\u0111enjem vi\u0161ih akademskih i knji\u017eni\u010darskih zvanja), s nazivom ustanove te e-po\u0161te autora u obliku koji \u0107e &hellip; <\/p>\n","protected":false},"author":1,"featured_media":0,"parent":0,"menu_order":0,"comment_status":"closed","ping_status":"closed","template":"","meta":{"footnotes":""},"class_list":["post-570","page","type-page","status-publish","hentry","latest_post"],"_links":{"self":[{"href":"https:\/\/skupstina.hkdrustvo.hr\/51-2026\/wp-json\/wp\/v2\/pages\/570","targetHints":{"allow":["GET"]}}],"collection":[{"href":"https:\/\/skupstina.hkdrustvo.hr\/51-2026\/wp-json\/wp\/v2\/pages"}],"about":[{"href":"https:\/\/skupstina.hkdrustvo.hr\/51-2026\/wp-json\/wp\/v2\/types\/page"}],"author":[{"embeddable":true,"href":"https:\/\/skupstina.hkdrustvo.hr\/51-2026\/wp-json\/wp\/v2\/users\/1"}],"replies":[{"embeddable":true,"href":"https:\/\/skupstina.hkdrustvo.hr\/51-2026\/wp-json\/wp\/v2\/comments?post=570"}],"version-history":[{"count":2,"href":"https:\/\/skupstina.hkdrustvo.hr\/51-2026\/wp-json\/wp\/v2\/pages\/570\/revisions"}],"predecessor-version":[{"id":575,"href":"https:\/\/skupstina.hkdrustvo.hr\/51-2026\/wp-json\/wp\/v2\/pages\/570\/revisions\/575"}],"wp:attachment":[{"href":"https:\/\/skupstina.hkdrustvo.hr\/51-2026\/wp-json\/wp\/v2\/media?parent=570"}],"curies":[{"name":"wp","href":"https:\/\/api.w.org\/{rel}","templated":true}]}}