{"id":515,"date":"2026-03-29T16:27:24","date_gmt":"2026-03-29T14:27:24","guid":{"rendered":"https:\/\/skupstina.hkdrustvo.hr\/51-2026\/?page_id=515"},"modified":"2026-03-29T17:54:40","modified_gmt":"2026-03-29T15:54:40","slug":"preliminarno-financijsko-izvjesce-za-2026-godinu-od-1-sijecnja-do-1-studenoga-2026-godine","status":"publish","type":"page","link":"https:\/\/skupstina.hkdrustvo.hr\/51-2026\/skupstinski-dokumenti\/preliminarno-financijsko-izvjesce-za-2026-godinu-od-1-sijecnja-do-1-studenoga-2026-godine\/","title":{"rendered":"PRELIMINARNO FINANCIJSKO IZVJE\u0160\u0106E ZA 2026. GODINU (OD 1. SIJE\u010cNJA DO 1. STUDENOGA 2026. GODINE)"},"content":{"rendered":"<h6>DOKUMENT<\/h6>\n","protected":false},"excerpt":{"rendered":"<p>DOKUMENT<\/p>\n","protected":false},"author":1,"featured_media":0,"parent":22,"menu_order":0,"comment_status":"closed","ping_status":"closed","template":"","meta":{"footnotes":""},"class_list":["post-515","page","type-page","status-publish","hentry","latest_post"],"_links":{"self":[{"href":"https:\/\/skupstina.hkdrustvo.hr\/51-2026\/wp-json\/wp\/v2\/pages\/515","targetHints":{"allow":["GET"]}}],"collection":[{"href":"https:\/\/skupstina.hkdrustvo.hr\/51-2026\/wp-json\/wp\/v2\/pages"}],"about":[{"href":"https:\/\/skupstina.hkdrustvo.hr\/51-2026\/wp-json\/wp\/v2\/types\/page"}],"author":[{"embeddable":true,"href":"https:\/\/skupstina.hkdrustvo.hr\/51-2026\/wp-json\/wp\/v2\/users\/1"}],"replies":[{"embeddable":true,"href":"https:\/\/skupstina.hkdrustvo.hr\/51-2026\/wp-json\/wp\/v2\/comments?post=515"}],"version-history":[{"count":2,"href":"https:\/\/skupstina.hkdrustvo.hr\/51-2026\/wp-json\/wp\/v2\/pages\/515\/revisions"}],"predecessor-version":[{"id":562,"href":"https:\/\/skupstina.hkdrustvo.hr\/51-2026\/wp-json\/wp\/v2\/pages\/515\/revisions\/562"}],"up":[{"embeddable":true,"href":"https:\/\/skupstina.hkdrustvo.hr\/51-2026\/wp-json\/wp\/v2\/pages\/22"}],"wp:attachment":[{"href":"https:\/\/skupstina.hkdrustvo.hr\/51-2026\/wp-json\/wp\/v2\/media?parent=515"}],"curies":[{"name":"wp","href":"https:\/\/api.w.org\/{rel}","templated":true}]}}