{"id":48,"date":"2026-03-23T22:05:21","date_gmt":"2026-03-23T21:05:21","guid":{"rendered":"https:\/\/skupstina.hkdrustvo.hr\/51-2026\/?page_id=48"},"modified":"2026-03-29T18:04:06","modified_gmt":"2026-03-29T16:04:06","slug":"teme","status":"publish","type":"page","link":"https:\/\/skupstina.hkdrustvo.hr\/51-2026\/teme\/","title":{"rendered":"Teme"},"content":{"rendered":"<h3>ZLATNA SPONA \u2013 knji\u017enice, zajednica i profesionalna izvrsnost<\/h3>\n\n\n<hr class=\"wp-block-separator has-alpha-channel-opacity\"\/>\n\n\n<h5><strong>1. <\/strong><strong style=\"color: initial;\">KNJI\u017dNICE, ZAJEDNICA I REGIONALNI RAZVOJ<\/strong><\/h5>\n<h6><strong>Strate\u0161ki okvir:<\/strong> regionalni razvoj, ja\u010danje lokalnih kapaciteta, dru\u0161tvena uklju\u010denost i otpornost zajednice<\/h6>\n<h6><strong>Podteme:<\/strong><\/h6>\n<ol>\n<li>Knji\u017enice kao nositelji lokalnog identiteta, kulturne ba\u0161tine i razvoja ruralnih\/oto\u010dnih sredina<\/li>\n<li>Partnerstva i odnosi s lokalnom samoupravom, obrazovnim, kulturnim i gospodarskim sektorom<\/li>\n<li>Inkluzivne prakse i smanjenje dru\u0161tvenih i digitalnih nejednakosti (starije osobe, migranti, ranjive skupine\u2026)<\/li>\n<li>Gra\u0111anska znanost i participativni modeli uklju\u010divanja zajednice<\/li>\n<\/ol>\n\n\n<hr class=\"wp-block-separator has-alpha-channel-opacity\"\/>\n\n\n<h5><strong>2. UPRAVLJANJE, PROFESIONALNI RAZVOJ I ETI\u010cKI OKVIRI<\/strong><\/h5>\n<h6><strong>Strate\u0161ki okvir:<\/strong> profesionalizacija upravljanja, razvoj ljudskih potencijala, za\u0161tita profesionalnih vrijednosti<\/h6>\n<h6><strong>Podteme:<\/strong><\/h6>\n<ol>\n<li>Strate\u0161ko planiranje, zagovaranje, financiranje i upravljanje promjenama<\/li>\n<li>Mjerenje u\u010dinka, statistike i evaluacija rada knji\u017enica<\/li>\n<li>Profesionalni razvoj knji\u017eni\u010dara (kompetencije, me\u0111unarodna suradnja, mobilnost\u2026)<\/li>\n<li>Pravni i eti\u010dki aspekti rada (autorsko pravo, status knji\u017eni\u010dara u normativnim aktima i radnom okru\u017eenju, registracija zbirki kao kulturnog dobra\u2026)<\/li>\n<li>Organizacijska kultura, timski rad i podr\u0161ka knji\u017eni\u010darima (\u201eknji\u017eni\u010dari na prvoj crti\u201c)<\/li>\n<\/ol>\n\n\n<hr class=\"wp-block-separator has-alpha-channel-opacity\"\/>\n\n\n<h5><strong>3. PROGRAMI I PROJEKTI USMJERENI NA KULTURNE, OBRAZOVNE I DRU\u0160TVENE KOMPETENCIJE KORISNIKA<\/strong><\/h5>\n<h6><strong>Strate\u0161ki okvir:<\/strong> cjelo\u017eivotno u\u010denje i obrazovanje, edukacija korisnika, razvoj kulturnih i dru\u0161tvenih kompetencija, inkluzivnost, razvoj kriti\u010dkog mi\u0161ljenja<\/h6>\n<h6><strong>Podteme:<\/strong><\/h6>\n<ol>\n<li>Programi poticanja razli\u010ditih oblika pismenosti (\u010ditateljskih, informacijskih, medijskih, digitalnih, financijskih, zdravstvenih\u2026) u suvremenom kontekstu<\/li>\n<li>Me\u0111unarodne suradnje, projekti i smjernice (npr. aktivnosti i dokumenti IFLA-e, EBLIDA-e i drugih relevantnih mre\u017ea)<\/li>\n<li>Kriti\u010dko knji\u017eni\u010darstvo<\/li>\n<li>Uloga i suradnja knji\u017eni\u010dara u obrazovnom i istra\u017eiva\u010dkom procesu<\/li>\n<\/ol>\n\n\n<hr class=\"wp-block-separator has-alpha-channel-opacity\"\/>\n","protected":false},"excerpt":{"rendered":"<p>ZLATNA SPONA \u2013 knji\u017enice, zajednica i profesionalna izvrsnost 1. KNJI\u017dNICE, ZAJEDNICA I REGIONALNI RAZVOJ Strate\u0161ki okvir: regionalni razvoj, ja\u010danje lokalnih kapaciteta, dru\u0161tvena uklju\u010denost i otpornost zajednice Podteme: Knji\u017enice kao nositelji lokalnog identiteta, kulturne ba\u0161tine i razvoja ruralnih\/oto\u010dnih sredina Partnerstva i odnosi s lokalnom samoupravom, obrazovnim, kulturnim i gospodarskim sektorom Inkluzivne prakse i smanjenje dru\u0161tvenih i &hellip; <\/p>\n","protected":false},"author":1,"featured_media":0,"parent":0,"menu_order":0,"comment_status":"closed","ping_status":"closed","template":"","meta":{"footnotes":""},"class_list":["post-48","page","type-page","status-publish","hentry","latest_post"],"_links":{"self":[{"href":"https:\/\/skupstina.hkdrustvo.hr\/51-2026\/wp-json\/wp\/v2\/pages\/48","targetHints":{"allow":["GET"]}}],"collection":[{"href":"https:\/\/skupstina.hkdrustvo.hr\/51-2026\/wp-json\/wp\/v2\/pages"}],"about":[{"href":"https:\/\/skupstina.hkdrustvo.hr\/51-2026\/wp-json\/wp\/v2\/types\/page"}],"author":[{"embeddable":true,"href":"https:\/\/skupstina.hkdrustvo.hr\/51-2026\/wp-json\/wp\/v2\/users\/1"}],"replies":[{"embeddable":true,"href":"https:\/\/skupstina.hkdrustvo.hr\/51-2026\/wp-json\/wp\/v2\/comments?post=48"}],"version-history":[{"count":14,"href":"https:\/\/skupstina.hkdrustvo.hr\/51-2026\/wp-json\/wp\/v2\/pages\/48\/revisions"}],"predecessor-version":[{"id":567,"href":"https:\/\/skupstina.hkdrustvo.hr\/51-2026\/wp-json\/wp\/v2\/pages\/48\/revisions\/567"}],"wp:attachment":[{"href":"https:\/\/skupstina.hkdrustvo.hr\/51-2026\/wp-json\/wp\/v2\/media?parent=48"}],"curies":[{"name":"wp","href":"https:\/\/api.w.org\/{rel}","templated":true}]}}