{"id":472,"date":"2026-03-29T16:11:25","date_gmt":"2026-03-29T14:11:25","guid":{"rendered":"https:\/\/skupstina.hkdrustvo.hr\/51-2026\/?page_id=472"},"modified":"2026-03-29T17:49:02","modified_gmt":"2026-03-29T15:49:02","slug":"izvjesce-o-radu-glavnog-odbora-za-razdoblje-od-1-sijecnja-2025-do-31-prosinca-2025-godine","status":"publish","type":"page","link":"https:\/\/skupstina.hkdrustvo.hr\/51-2026\/skupstinski-dokumenti\/izvjesce-o-radu-glavnog-odbora-za-razdoblje-od-1-sijecnja-2025-do-31-prosinca-2025-godine\/","title":{"rendered":"IZVJE\u0160\u0106E O RADU GLAVNOG ODBORA ZA RAZDOBLJE OD 1. SIJE\u010cNJA DO 31. PROSINCA 2025. GODINE"},"content":{"rendered":"<h6>DOKUMENT<\/h6>\n","protected":false},"excerpt":{"rendered":"<p>DOKUMENT<\/p>\n","protected":false},"author":1,"featured_media":0,"parent":22,"menu_order":0,"comment_status":"closed","ping_status":"closed","template":"","meta":{"footnotes":""},"class_list":["post-472","page","type-page","status-publish","hentry","latest_post"],"_links":{"self":[{"href":"https:\/\/skupstina.hkdrustvo.hr\/51-2026\/wp-json\/wp\/v2\/pages\/472","targetHints":{"allow":["GET"]}}],"collection":[{"href":"https:\/\/skupstina.hkdrustvo.hr\/51-2026\/wp-json\/wp\/v2\/pages"}],"about":[{"href":"https:\/\/skupstina.hkdrustvo.hr\/51-2026\/wp-json\/wp\/v2\/types\/page"}],"author":[{"embeddable":true,"href":"https:\/\/skupstina.hkdrustvo.hr\/51-2026\/wp-json\/wp\/v2\/users\/1"}],"replies":[{"embeddable":true,"href":"https:\/\/skupstina.hkdrustvo.hr\/51-2026\/wp-json\/wp\/v2\/comments?post=472"}],"version-history":[{"count":3,"href":"https:\/\/skupstina.hkdrustvo.hr\/51-2026\/wp-json\/wp\/v2\/pages\/472\/revisions"}],"predecessor-version":[{"id":556,"href":"https:\/\/skupstina.hkdrustvo.hr\/51-2026\/wp-json\/wp\/v2\/pages\/472\/revisions\/556"}],"up":[{"embeddable":true,"href":"https:\/\/skupstina.hkdrustvo.hr\/51-2026\/wp-json\/wp\/v2\/pages\/22"}],"wp:attachment":[{"href":"https:\/\/skupstina.hkdrustvo.hr\/51-2026\/wp-json\/wp\/v2\/media?parent=472"}],"curies":[{"name":"wp","href":"https:\/\/api.w.org\/{rel}","templated":true}]}}