{"id":369,"date":"2026-03-29T04:29:47","date_gmt":"2026-03-29T03:29:47","guid":{"rendered":"https:\/\/skupstina.hkdrustvo.hr\/51-2026\/?page_id=369"},"modified":"2026-03-29T15:58:45","modified_gmt":"2026-03-29T13:58:45","slug":"o-nama-2","status":"publish","type":"page","link":"https:\/\/skupstina.hkdrustvo.hr\/51-2026\/o-nama-2\/","title":{"rendered":"O NAMA"},"content":{"rendered":"<h4>Organizator 51. skup\u0161tine Hrvatskoga knji\u017eni\u010darskog dru\u0161tva:<\/h4>\n\n\n<div class=\"wp-block-media-text is-stacked-on-mobile\"><figure class=\"wp-block-media-text__media\"><img decoding=\"async\" src=\"data:image\/gif;base64,R0lGODlhAQABAAAAACH5BAEKAAEALAAAAAABAAEAAAICTAEAOw==\" data-layzr=\"https:\/\/skupstina.hkdrustvo.hr\/51-2026\/wp-content\/uploads\/sites\/5\/2026\/03\/HKD-logo.jpg\" alt=\"HKD logo\" class=\"wp-image-38 size-full\"\/><\/figure><div class=\"wp-block-media-text__content\">\n<p style=\"text-align: left;\"><a href=\"https:\/\/www.hkdrustvo.hr\/\"><strong>Hrvatsko knji\u017eni\u010darsko dru\u0161tvo<\/strong><\/a>\u00a0 nacionalna je udruga hrvatskih knji\u017eni\u010dara.<br \/>Osnovano\u00a0 je 1940. godine pod imenom Hrvatsko bibliotekarsko dru\u0161tvo, radi za\u0161tite i promicanja knji\u017eni\u010darske struke i djelatnosti te osiguravanja profesionalnog integriteta knji\u017eni\u010dnih djelatnika.<br \/>Dru\u0161tvo se u svom radu zala\u017ee za najvi\u0161u razinu profesionalnog djelovanja te po\u0161tivanje temeljnih na\u010dela po\u0161tivanja ljudskih prava, \u0161to uklju\u010duje odr\u017eivi razvoj dru\u0161tva i demokracije; na\u010dela slobodnog pristupa informacijama, idejama i mislima. Hrvatsko knji\u017eni\u010darsko dru\u0161tvo je \u010dlan IFLA i EBLIDA.<\/p>\n\n\n\n<p><\/p>\n\n\n\n<p><\/p>\n<\/div><\/div>\n\n\n\n<p><\/p>\n\n\n\n<hr class=\"wp-block-separator has-alpha-channel-opacity\"\/>\n\n\n<h4>Suorganizatori\u00a0 51. skup\u0161tine Hrvatskoga knji\u017eni\u010darskog dru\u0161tva:<\/h4>\n\n\n<div class=\"wp-block-media-text is-stacked-on-mobile\"><figure class=\"wp-block-media-text__media\"><img decoding=\"async\" src=\"data:image\/gif;base64,R0lGODlhAQABAAAAACH5BAEKAAEALAAAAAABAAEAAAICTAEAOw==\" data-layzr=\"https:\/\/skupstina.hkdrustvo.hr\/51-2026\/wp-content\/uploads\/sites\/5\/2026\/03\/dksbs-logo.png\" alt=\"\" class=\"wp-image-367 size-full\"\/><\/figure><div class=\"wp-block-media-text__content\">\n<p><\/p>\n<\/div><\/div>\n\n\n\n<hr class=\"wp-block-separator has-alpha-channel-opacity is-style-dots\"\/>\n\n\n\n<div class=\"wp-block-media-text is-stacked-on-mobile\"><figure class=\"wp-block-media-text__media\"><img decoding=\"async\" src=\"data:image\/gif;base64,R0lGODlhAQABAAAAACH5BAEKAAEALAAAAAABAAEAAAICTAEAOw==\" data-layzr=\"https:\/\/skupstina.hkdrustvo.hr\/51-2026\/wp-content\/uploads\/sites\/5\/2026\/03\/GKVK-a-logo.png\" alt=\"\" class=\"wp-image-368 size-full\"\/><\/figure><div class=\"wp-block-media-text__content\">\n<p><\/p>\n<\/div><\/div>\n\n\n\n<hr class=\"wp-block-separator has-alpha-channel-opacity\"\/>\n\n\n<h4>Programski odbor:<\/h4>\n\n\n<p>Romina Fic, Aleksandra Me\u017enari\u0107 Karafin, Jasenka Ple\u0161ko (predsjednica), dr. sc. Tatijana Petri\u0107, Maja Prani\u0107, Zrinka Udiljak Bugarinovski, Kristina Videkovi\u0107, Karolina Zlatar Radigovi\u0107<\/p>\n\n\n<h4>Organizacijski odbor:<\/h4>\n<p>Lea Baki\u0107, Iva Grkovi\u0107, Merien Hadrovi\u0107, Sanja Kosi\u0107, Amelia Kova\u010devi\u0107, Vedrana Lugi\u0107, Klaudija Mandi\u0107, Tihomir Marojevi\u0107, Jasenka Ple\u0161ko (predsjednica), Domagoj Potlimbrzovi\u0107, Kristina Romi\u0107, Sara Semenski, Silvija \u0160oki\u0107, Marijana \u0160poljari\u0107 Kizivat, Ivana Turk, Vladimir Vranje\u0161evi\u0107<\/p>","protected":false},"excerpt":{"rendered":"<p>Organizator 51. skup\u0161tine Hrvatskoga knji\u017eni\u010darskog dru\u0161tva: Hrvatsko knji\u017eni\u010darsko dru\u0161tvo\u00a0 nacionalna je udruga hrvatskih knji\u017eni\u010dara.Osnovano\u00a0 je 1940. godine pod imenom Hrvatsko bibliotekarsko dru\u0161tvo, radi za\u0161tite i promicanja knji\u017eni\u010darske struke i djelatnosti te osiguravanja profesionalnog integriteta knji\u017eni\u010dnih djelatnika.Dru\u0161tvo se u svom radu zala\u017ee za najvi\u0161u razinu profesionalnog djelovanja te po\u0161tivanje temeljnih na\u010dela po\u0161tivanja ljudskih prava, \u0161to uklju\u010duje &hellip; <\/p>\n","protected":false},"author":1,"featured_media":0,"parent":0,"menu_order":0,"comment_status":"closed","ping_status":"closed","template":"","meta":{"footnotes":""},"class_list":["post-369","page","type-page","status-publish","hentry","latest_post"],"_links":{"self":[{"href":"https:\/\/skupstina.hkdrustvo.hr\/51-2026\/wp-json\/wp\/v2\/pages\/369","targetHints":{"allow":["GET"]}}],"collection":[{"href":"https:\/\/skupstina.hkdrustvo.hr\/51-2026\/wp-json\/wp\/v2\/pages"}],"about":[{"href":"https:\/\/skupstina.hkdrustvo.hr\/51-2026\/wp-json\/wp\/v2\/types\/page"}],"author":[{"embeddable":true,"href":"https:\/\/skupstina.hkdrustvo.hr\/51-2026\/wp-json\/wp\/v2\/users\/1"}],"replies":[{"embeddable":true,"href":"https:\/\/skupstina.hkdrustvo.hr\/51-2026\/wp-json\/wp\/v2\/comments?post=369"}],"version-history":[{"count":23,"href":"https:\/\/skupstina.hkdrustvo.hr\/51-2026\/wp-json\/wp\/v2\/pages\/369\/revisions"}],"predecessor-version":[{"id":461,"href":"https:\/\/skupstina.hkdrustvo.hr\/51-2026\/wp-json\/wp\/v2\/pages\/369\/revisions\/461"}],"wp:attachment":[{"href":"https:\/\/skupstina.hkdrustvo.hr\/51-2026\/wp-json\/wp\/v2\/media?parent=369"}],"curies":[{"name":"wp","href":"https:\/\/api.w.org\/{rel}","templated":true}]}}