{"id":338,"date":"2026-03-29T03:22:57","date_gmt":"2026-03-29T01:22:57","guid":{"rendered":"https:\/\/skupstina.hkdrustvo.hr\/51-2026\/?page_id=338"},"modified":"2026-03-29T15:22:08","modified_gmt":"2026-03-29T13:22:08","slug":"o-nama","status":"publish","type":"page","link":"https:\/\/skupstina.hkdrustvo.hr\/51-2026\/o-nama\/","title":{"rendered":"O 51. SKUP\u0160TINI"},"content":{"rendered":"<h6><strong>Zlatna spona \u2013 knji\u017enice, zajednica i profesionalna izvrsnost<\/strong><\/h6>\n<p>\u00a0<\/p>\n<p>51. skup\u0161tina Hrvatskoga knji\u017eni\u010darskog dru\u0161tva pod nazivom \u201eZlatna spona \u2013 knji\u017enice, zajednica i profesionalna izvrsnost\u201c\u00a0 u Vinkovcima \u0107e okupiti stru\u010dnjake iz knji\u017eni\u010darske i akademske zajednice iz Hrvatske i svijeta.<\/p>\n<p>Tijekom \u010detiri dan, kroz intervjue, izlaganja, e-posterska izlaganja, panele i radionice na teme: <span style=\"color: #ff6600;\"><em><span style=\"color: #000000;\"><strong>Knji\u017enice, zajednica i regionalni razvoj; Upravljanje, profesionalni razvoj i eti\u010dki okviri te Programi i projekti usmjereni na kulturne, obrazovne i dru\u0161tvene kompetencije korisnika<\/strong> &#8211; <\/span><\/em><span style=\"color: #000000;\">promi\u0161ljat \u0107e se o ulozi knji\u017enice u suvremenom dru\u0161tvu obilje\u017eenom brzim promjenama, krizama, izazovi<\/span><\/span>ma nejednakosti i potrebom za odr\u017eivim razvojem zajednica.<\/p>\n<p>Rasprave \u0107e obuhvatiti doprinos knji\u017enica ja\u010danju lokalnih identiteta i otpornosti zajednica te razvoj partnerstava i inkluzivnih praksi. Posebna pozornost posvetit \u0107e se inovativnim programima i projektima koji poti\u010du razli\u010dite oblike pismenosti, kriti\u010dko mi\u0161ljenje i aktivno sudjelovanje korisnika.<\/p>\n<p>Govorit \u0107emo o strate\u0161kom upravljanju, kontinuiranom profesionalnom razvoju i eti\u010dkim okvirima koji osiguravaju da knji\u017eni\u010dari mogu kvalitetno odgovoriti na izazove suvremenog dru\u0161tva, istovremeno \u0161tite\u0107i temeljne vrijednosti struke i aktivno doprinose\u0107i razvoju uklju\u010divih, informiranih i otpornih zajednica.<\/p>\n<p>Posebna pozornost posvetit \u0107e se inovativnim programima i projektima koji poti\u010du razli\u010dite oblike pismenosti, kriti\u010dko mi\u0161ljenje i aktivno sudjelovanje korisnika.<\/p>\n<p>Tijekom 51. skup\u0161tine obilje\u017eit \u0107e se Dan hrvatskih knji\u017enica i uru\u010diti nagrade Hrvatskoga knji\u017eni\u010darskog dru\u0161tva: Nagrada \u201eKnji\u017enica godine\u201c koja se dodjeljuje najboljoj knji\u017enici u protekloj godini, Nagrada \u201eEva Verona\u201c koja se dodjeljuje mladim knji\u017eni\u010darima te Kukuljevi\u0107eva povelja, najvi\u0161e javno priznanje za dugogodi\u0161nji rad i zna\u010dajne rezultate u podru\u010dju knji\u017eni\u010darstva.<\/p>\n<p>Pridru\u017eite nam se!<\/p>\n\n\n<p><\/p>\n","protected":false},"excerpt":{"rendered":"<p>51. skup\u0161tina Hrvatskoga knji\u017eni\u010darskog dru\u0161tva pod nazivom \u201eZlatna spona \u2013 knji\u017enice, zajednica i profesionalna izvrsnost\u201c okupit \u0107e U Vinkovcima stru\u010dnjake iz knji\u017eni\u010darske i akademske zajednice iz Hrvatske i svijeta.<\/p>\n<p>Tijekom \u010detiri dan, kroz intervjue, izlaganja, e-posterska izlaganja, panele i radionice na teme &#8211; Knji\u017enice, zajednica i regionalni razvoj; Upravljanje, profesionalni razvoj i eti\u010dki okviri te Programi i projekti usmjereni na kulturne, obrazovne i dru\u0161tvene kompetencije korisnika &#8211; promi\u0161ljat \u0107e se o ulozi knji\u017enice u suvremenom dru\u0161tvu obilje\u017eenom brzim promjenama, krizama, izazovima nejednakosti i potrebom za odr\u017eivim razvojem zajednica.<\/p>\n","protected":false},"author":1,"featured_media":38,"parent":0,"menu_order":0,"comment_status":"closed","ping_status":"closed","template":"","meta":{"footnotes":""},"class_list":["post-338","page","type-page","status-publish","has-post-thumbnail","hentry","latest_post"],"_links":{"self":[{"href":"https:\/\/skupstina.hkdrustvo.hr\/51-2026\/wp-json\/wp\/v2\/pages\/338","targetHints":{"allow":["GET"]}}],"collection":[{"href":"https:\/\/skupstina.hkdrustvo.hr\/51-2026\/wp-json\/wp\/v2\/pages"}],"about":[{"href":"https:\/\/skupstina.hkdrustvo.hr\/51-2026\/wp-json\/wp\/v2\/types\/page"}],"author":[{"embeddable":true,"href":"https:\/\/skupstina.hkdrustvo.hr\/51-2026\/wp-json\/wp\/v2\/users\/1"}],"replies":[{"embeddable":true,"href":"https:\/\/skupstina.hkdrustvo.hr\/51-2026\/wp-json\/wp\/v2\/comments?post=338"}],"version-history":[{"count":22,"href":"https:\/\/skupstina.hkdrustvo.hr\/51-2026\/wp-json\/wp\/v2\/pages\/338\/revisions"}],"predecessor-version":[{"id":458,"href":"https:\/\/skupstina.hkdrustvo.hr\/51-2026\/wp-json\/wp\/v2\/pages\/338\/revisions\/458"}],"wp:featuredmedia":[{"embeddable":true,"href":"https:\/\/skupstina.hkdrustvo.hr\/51-2026\/wp-json\/wp\/v2\/media\/38"}],"wp:attachment":[{"href":"https:\/\/skupstina.hkdrustvo.hr\/51-2026\/wp-json\/wp\/v2\/media?parent=338"}],"curies":[{"name":"wp","href":"https:\/\/api.w.org\/{rel}","templated":true}]}}