{"id":24,"date":"2026-03-23T09:12:04","date_gmt":"2026-03-23T08:12:04","guid":{"rendered":"https:\/\/skupstina.hkdrustvo.hr\/51-2026\/?page_id=24"},"modified":"2026-03-25T00:57:07","modified_gmt":"2026-03-24T23:57:07","slug":"upute","status":"publish","type":"page","link":"https:\/\/skupstina.hkdrustvo.hr\/51-2026\/upute\/","title":{"rendered":"UPUTE"},"content":{"rendered":"\n<p><\/p>\n\n\n\n<p><a href=\"https:\/\/skupstina.hkdrustvo.hr\/51-2026\/prijava-sudjelovanja-i-izlaganja\/\">Prijava sudjelovanja i izlaganja<\/a><\/p>\n\n\n\n<p><a href=\"https:\/\/skupstina.hkdrustvo.hr\/51-2026\/preporuceni-smjestaj-za-sudionike-51-skupstine\/\">Preporu\u010deni smje\u0161taj za sudionike 51. skup\u0161tine<\/a><\/p>\n\n\n\n<p><a href=\"https:\/\/skupstina.hkdrustvo.hr\/51-2026\/upute-autorima\/\">Upute autorima<\/a><\/p>\n\n\n\n<p><a href=\"https:\/\/doodle.com\/sign-up-sheet\/participate\/0d9d111f-ee1e-493d-94b0-8c2b4a4a6136\/select\">prijava za radionice<\/a> <\/p>\n\n\n\n<p><\/p>\n\n\n\n<p><\/p>\n","protected":false},"excerpt":{"rendered":"<p>Prijava sudjelovanja i izlaganja Preporu\u010deni smje\u0161taj za sudionike 51. skup\u0161tine Upute autorima prijava za radionice<\/p>\n","protected":false},"author":8,"featured_media":0,"parent":0,"menu_order":0,"comment_status":"closed","ping_status":"closed","template":"","meta":{"footnotes":""},"class_list":["post-24","page","type-page","status-publish","hentry","latest_post"],"_links":{"self":[{"href":"https:\/\/skupstina.hkdrustvo.hr\/51-2026\/wp-json\/wp\/v2\/pages\/24","targetHints":{"allow":["GET"]}}],"collection":[{"href":"https:\/\/skupstina.hkdrustvo.hr\/51-2026\/wp-json\/wp\/v2\/pages"}],"about":[{"href":"https:\/\/skupstina.hkdrustvo.hr\/51-2026\/wp-json\/wp\/v2\/types\/page"}],"author":[{"embeddable":true,"href":"https:\/\/skupstina.hkdrustvo.hr\/51-2026\/wp-json\/wp\/v2\/users\/8"}],"replies":[{"embeddable":true,"href":"https:\/\/skupstina.hkdrustvo.hr\/51-2026\/wp-json\/wp\/v2\/comments?post=24"}],"version-history":[{"count":13,"href":"https:\/\/skupstina.hkdrustvo.hr\/51-2026\/wp-json\/wp\/v2\/pages\/24\/revisions"}],"predecessor-version":[{"id":153,"href":"https:\/\/skupstina.hkdrustvo.hr\/51-2026\/wp-json\/wp\/v2\/pages\/24\/revisions\/153"}],"wp:attachment":[{"href":"https:\/\/skupstina.hkdrustvo.hr\/51-2026\/wp-json\/wp\/v2\/media?parent=24"}],"curies":[{"name":"wp","href":"https:\/\/api.w.org\/{rel}","templated":true}]}}