{"id":22,"date":"2026-03-23T09:11:42","date_gmt":"2026-03-23T08:11:42","guid":{"rendered":"https:\/\/skupstina.hkdrustvo.hr\/51-2026\/?page_id=22"},"modified":"2026-03-29T17:39:03","modified_gmt":"2026-03-29T15:39:03","slug":"skupstinski-dokumenti","status":"publish","type":"page","link":"https:\/\/skupstina.hkdrustvo.hr\/51-2026\/skupstinski-dokumenti\/","title":{"rendered":"SKUP\u0160TINSKI DOKUMENTI"},"content":{"rendered":"<ol>\n<li><a href=\"https:\/\/skupstina.hkdrustvo.hr\/51-2026\/dnevni-red-51-skupstine\/\">DNEVNI RED 51. SKUP\u0160TINE<\/a>\u00a0 \u00a0dokument<\/li>\n<li><a href=\"https:\/\/skupstina.hkdrustvo.hr\/51-2026\/izvjesce-o-radu-glavnog-odbora-za-razdoblje-od-1-sijecnja-2025-do-31-prosinca-2025-godine\/\">IZVJE\u0160\u0106E O RADU GLAVNOG ODBORA ZA RAZDOBLJE OD 1. SIJE\u010cNJA DO 31. PROSINCA 2025. GODINE<\/a>\u00a0 \u00a0 \u00a0dokument<\/li>\n<li><a href=\"https:\/\/skupstina.hkdrustvo.hr\/51-2026\/izvjesce-o-radu-strucnog-odbora-za-razdoblje-od-1-sijecnja-do-31-prosinca-2025-godine\/\">IZVJE\u0160\u0106E O RADU STRU\u010cNOG ODBORA ZA RAZDOBLJE OD 1. SIJE\u010cNJA DO 31. PROSINCA 2025. GODINE<\/a>\u00a0 \u00a0 \u00a0dokument<\/li>\n<li><a href=\"https:\/\/skupstina.hkdrustvo.hr\/51-2026\/izvjesce-odbora-za-nakladnicku-djelatnost-za-razdoblje-od-1-sijecnja-do-31-prosinca-2025-godine\/\">IZVJE\u0160\u0106E ODBORA ZA NAKLADNI\u010cKU DJELATNOST ZA RAZDOBLJE OD 1. SIJE\u010cNJA DO 31. PROSINCA 2025. GODINE<\/a>\u00a0 \u00a0 dokument<\/li>\n<li><a href=\"https:\/\/skupstina.hkdrustvo.hr\/51-2026\/izvjesce-nadzornoga-odbora-za-razdoblje-od-1-sijecnja-do-31-prosinca-2025-godine\/\">IZVJE\u0160\u0106E NADZORNOGA ODBORA ZA RAZDOBLJE OD 1. SIJE\u010cNJA DO 31. PROSINCA 2025. GODINE<\/a>\u00a0 \u00a0 dokument<\/li>\n<li><a href=\"https:\/\/skupstina.hkdrustvo.hr\/51-2026\/izvjesce-etickoga-povjerenstva-za-razdoblje-od-1-sijecnja-do-31-prosinca-2025-godine\/\">IZVJE\u0160\u0106E ETI\u010cKOGA POVJERENSTVA ZA RAZDOBLJE OD 1. SIJE\u010cNJA DO 31. PROSINCA 2025. GODINE<\/a>\u00a0 \u00a0dokument<\/li>\n<li><a href=\"https:\/\/skupstina.hkdrustvo.hr\/51-2026\/financijsko-izvjesce-za-razdoblje-od-1-sijecnja-do-31-prosinca-2025-godine\/\">FINANCIJSKO IZVJE\u0160\u0106E ZA RAZDOBLJE OD 1. SIJE\u010cNJA DO 31. PROSINCA 2025. GODINE<\/a> dokument<\/li>\n<li><a href=\"https:\/\/skupstina.hkdrustvo.hr\/51-2026\/preliminarno-financijsko-izvjesce-za-2026-godinu-od-1-sijecnja-do-1-studenoga-2026-godine\/\">PRELIMINARNO FINANCIJSKO IZVJE\u0160\u0106E ZA 2026. GODINU (ZA RAZDOBLJE OD 1. SIJE\u010cNJA DO 1. STUDENOGA 2026. GODINE)<\/a> dokumetn<\/li>\n<li><a href=\"https:\/\/skupstina.hkdrustvo.hr\/51-2026\/plan-rada-hkd-a-za-2026-godinu-2\/\">PLAN RADA HKD-A ZA 2027. GODINU<\/a> dokument<\/li>\n<li><a href=\"https:\/\/skupstina.hkdrustvo.hr\/51-2026\/financijski-plan-hkd-a-za-2027-godinu\/\">FINANCIJSKI PLAN HKD-A ZA 2027. GODINU<\/a> dokument<\/li>\n<\/ol>\n\n\n<p><\/p>\n","protected":false},"excerpt":{"rendered":"<p>DNEVNI RED 51. SKUP\u0160TINE\u00a0 \u00a0dokument IZVJE\u0160\u0106E O RADU GLAVNOG ODBORA ZA RAZDOBLJE OD 1. SIJE\u010cNJA DO 31. PROSINCA 2025. GODINE\u00a0 \u00a0 \u00a0dokument IZVJE\u0160\u0106E O RADU STRU\u010cNOG ODBORA ZA RAZDOBLJE OD 1. SIJE\u010cNJA DO 31. PROSINCA 2025. GODINE\u00a0 \u00a0 \u00a0dokument IZVJE\u0160\u0106E ODBORA ZA NAKLADNI\u010cKU DJELATNOST ZA RAZDOBLJE OD 1. SIJE\u010cNJA DO 31. PROSINCA 2025. GODINE\u00a0 \u00a0 &hellip; <\/p>\n","protected":false},"author":8,"featured_media":0,"parent":0,"menu_order":0,"comment_status":"closed","ping_status":"closed","template":"","meta":{"footnotes":""},"class_list":["post-22","page","type-page","status-publish","hentry","latest_post"],"_links":{"self":[{"href":"https:\/\/skupstina.hkdrustvo.hr\/51-2026\/wp-json\/wp\/v2\/pages\/22","targetHints":{"allow":["GET"]}}],"collection":[{"href":"https:\/\/skupstina.hkdrustvo.hr\/51-2026\/wp-json\/wp\/v2\/pages"}],"about":[{"href":"https:\/\/skupstina.hkdrustvo.hr\/51-2026\/wp-json\/wp\/v2\/types\/page"}],"author":[{"embeddable":true,"href":"https:\/\/skupstina.hkdrustvo.hr\/51-2026\/wp-json\/wp\/v2\/users\/8"}],"replies":[{"embeddable":true,"href":"https:\/\/skupstina.hkdrustvo.hr\/51-2026\/wp-json\/wp\/v2\/comments?post=22"}],"version-history":[{"count":17,"href":"https:\/\/skupstina.hkdrustvo.hr\/51-2026\/wp-json\/wp\/v2\/pages\/22\/revisions"}],"predecessor-version":[{"id":551,"href":"https:\/\/skupstina.hkdrustvo.hr\/51-2026\/wp-json\/wp\/v2\/pages\/22\/revisions\/551"}],"wp:attachment":[{"href":"https:\/\/skupstina.hkdrustvo.hr\/51-2026\/wp-json\/wp\/v2\/media?parent=22"}],"curies":[{"name":"wp","href":"https:\/\/api.w.org\/{rel}","templated":true}]}}