{"id":106,"date":"2026-03-23T23:09:00","date_gmt":"2026-03-23T22:09:00","guid":{"rendered":"https:\/\/skupstina.hkdrustvo.hr\/51-2026\/?page_id=106"},"modified":"2026-03-29T17:57:22","modified_gmt":"2026-03-29T15:57:22","slug":"preporuceni-smjestaj-za-sudionike-51-skupstine","status":"publish","type":"page","link":"https:\/\/skupstina.hkdrustvo.hr\/51-2026\/upute\/preporuceni-smjestaj-za-sudionike-51-skupstine\/","title":{"rendered":"PREPORU\u010cENI SMJE\u0160TAJ ZA SUDIONIKE 51. SKUP\u0160TINE"},"content":{"rendered":"","protected":false},"excerpt":{"rendered":"","protected":false},"author":1,"featured_media":0,"parent":24,"menu_order":0,"comment_status":"closed","ping_status":"closed","template":"","meta":{"footnotes":""},"class_list":["post-106","page","type-page","status-publish","hentry","latest_post"],"_links":{"self":[{"href":"https:\/\/skupstina.hkdrustvo.hr\/51-2026\/wp-json\/wp\/v2\/pages\/106","targetHints":{"allow":["GET"]}}],"collection":[{"href":"https:\/\/skupstina.hkdrustvo.hr\/51-2026\/wp-json\/wp\/v2\/pages"}],"about":[{"href":"https:\/\/skupstina.hkdrustvo.hr\/51-2026\/wp-json\/wp\/v2\/types\/page"}],"author":[{"embeddable":true,"href":"https:\/\/skupstina.hkdrustvo.hr\/51-2026\/wp-json\/wp\/v2\/users\/1"}],"replies":[{"embeddable":true,"href":"https:\/\/skupstina.hkdrustvo.hr\/51-2026\/wp-json\/wp\/v2\/comments?post=106"}],"version-history":[{"count":2,"href":"https:\/\/skupstina.hkdrustvo.hr\/51-2026\/wp-json\/wp\/v2\/pages\/106\/revisions"}],"predecessor-version":[{"id":463,"href":"https:\/\/skupstina.hkdrustvo.hr\/51-2026\/wp-json\/wp\/v2\/pages\/106\/revisions\/463"}],"up":[{"embeddable":true,"href":"https:\/\/skupstina.hkdrustvo.hr\/51-2026\/wp-json\/wp\/v2\/pages\/24"}],"wp:attachment":[{"href":"https:\/\/skupstina.hkdrustvo.hr\/51-2026\/wp-json\/wp\/v2\/media?parent=106"}],"curies":[{"name":"wp","href":"https:\/\/api.w.org\/{rel}","templated":true}]}}