{"id":56,"date":"2025-06-04T19:05:07","date_gmt":"2025-06-04T17:05:07","guid":{"rendered":"https:\/\/skupstina.hkdrustvo.hr\/50-2025\/?page_id=56"},"modified":"2025-10-08T10:53:54","modified_gmt":"2025-10-08T08:53:54","slug":"o-nama","status":"publish","type":"page","link":"https:\/\/skupstina.hkdrustvo.hr\/50-2025\/o-nama\/","title":{"rendered":"O nama"},"content":{"rendered":"\n<p>Hrvatsko knji\u017eni\u010darsko dru\u0161tvo (HKD) 2025. godine obilje\u017eava 85. obljetnicu djelovanja, \u010dime potvr\u0111uje svoju dugogodi\u0161nju ulogu klju\u010dne stru\u010dne udruge koja promi\u010de knji\u017eni\u010darsku struku, razvija knji\u017eni\u010dne politike i poti\u010de profesionalni rast i razvoj knji\u017eni\u010dara u Republici Hrvatskoj.<\/p>\n\n\n\n<p>Sredi\u0161nji doga\u0111aj obilje\u017eavanja ove zna\u010dajne obljetnice bit \u0107e 50. skup\u0161tina Hrvatskoga knji\u017eni\u010darskog dru\u0161tva, koja \u0107e se odr\u017eati 11.-12. studenoga 2025. godine u Zagrebu, u Nacionalnoj i sveu\u010dili\u0161noj knji\u017enici u Zagrebu, Croatrium.<\/p>\n\n\n\n<p>Skup\u0161tina je izvje\u0161tajna, no ujedno \u0107e biti prigoda za osvrt na postignu\u0107a, proslavu dugogodi\u0161njeg zajedni\u010dkog rada te usmjerenje budu\u0107eg razvoja.<\/p>\n\n\n\n<h5 class=\"wp-block-heading\">Povijest koja obvezuje<\/h5>\n\n\n\n<p>Hrvatsko knji\u017eni\u010darskog dru\u0161tvo osnovano je 14. travnja 1940. godine.<\/p>\n\n\n\n<p>Tijekom proteklih osam i pol desetlje\u0107a Hrvatsko knji\u017eni\u010darsko dru\u0161tvo neprekidno je radilo na ja\u010danju uloge knji\u017eni\u010dara i knji\u017enica u obrazovanju, kulturi i znanosti. Dru\u0161tvo je izraslo u temeljnu platformu za zagovaranje uloge knji\u017enica u dru\u0161tvu, oblikovanje zakona i stru\u010dnih standarda te povezivanje knji\u017eni\u010darskih stru\u010dnjaka iz svih vrsta knji\u017enica.<\/p>\n\n\n\n<h5 class=\"wp-block-heading\">11. studeni &#8211;  Dan hrvatskih knji\u017enica<\/h5>\n\n\n\n<p>Hrvatsko knji\u017eni\u010darsko dru\u0161tvo ustanovilo je Dan hrvatskih knji\u017enica 2010. godine radi obilje\u017eavanja dana odluke Hrvatskoga sabora o progla\u0161enju prvoga Zakona o bibliotekama (11. studenoga 1960. godine).<br>Dono\u0161enje spomenutog Zakona o bibliotekama ozna\u010dilo je nov po\u010detak hrvatskoga knji\u017eni\u010darstva jer su njime postavljeni pravni temelji za planiran i sustavan rad svih klju\u010dnih odrednica hrvatskoga knji\u017eni\u010darstva za razvoj svih vrsta hrvatskih knji\u017enica. Tim se doga\u0111ajem po\u010deo izgra\u0111ivati suvremeni knji\u017eni\u010dni sustav Republike Hrvatske.<br>Dan hrvatskih knji\u017enica prvi je puta obilje\u017een 11. studenoga 2010. godine, a od 2012. godine sredi\u0161nji doga\u0111aj Dana hrvatskih knji\u017enica je dodjela priznanja \u201eKnji\u017enica godine&#8221;.<br>Priznanje \u201eKnji\u017enica godine&#8221; dodjeljuje se u svrhu poticanja kreativnosti, inovativnosti i unapre\u0111ivanja kvalitete rada u hrvatskim knji\u017enicama.<\/p>\n\n\n\n<p>Na svojoj 50. skup\u0161tini, Hrvatsko knji\u017eni\u010darsko dru\u0161tvo dodijelit \u0107e nagradu \u201eKnji\u017enica godine\u201c najboljoj knji\u017enici za iskazanu posebnu kreativnost, inovativnost i unapre\u0111ivanje kvalitete rada u hrvatskim knji\u017enicama.<\/p>\n\n\n\n<p>Sredi\u0161nja sve\u010danost obilje\u017eavanja Dana hrvatskih knji\u017enica je dodjela priznanja \u201eKnji\u017enica godine&#8221;.<\/p>\n\n\n\n<h5 class=\"wp-block-heading\">Pogled u budu\u0107nost: Razvojni projekti<\/h5>\n\n\n\n<p>Tijekom 50. skup\u0161tine poseban naglasak bit \u0107e stavljen na razvojne projekte koje HKD provodi, a koji odgovaraju na suvremene izazove i potrebe korisnika.<\/p>\n\n\n\n<p>Skup\u0161tina Hrvatskoga knji\u017eni\u010darskog dru\u0161tva bit \u0107e sve\u010dani, ali i strate\u0161ki va\u017ean trenutak za hrvatsko knji\u017eni\u010darstvo.<\/p>\n\n\n\n<p><strong>Pozivamo sve \u010dlanove, partnere i prijatelje Dru\u0161tva da nam se pridru\u017ee u obilje\u017eavanju ove va\u017ene obljetnice i u kreiranju budu\u0107nosti knji\u017enica u Hrvatskoj.<\/strong><\/p>\n","protected":false},"excerpt":{"rendered":"<p>Hrvatsko knji\u017eni\u010darsko dru\u0161tvo (HKD) 2025. godine obilje\u017eava 85. obljetnicu djelovanja, \u010dime potvr\u0111uje svoju dugogodi\u0161nju ulogu klju\u010dne stru\u010dne udruge koja promi\u010de knji\u017eni\u010darsku struku, razvija knji\u017eni\u010dne politike i poti\u010de profesionalni rast i razvoj knji\u017eni\u010dara u Republici Hrvatskoj. Sredi\u0161nji doga\u0111aj obilje\u017eavanja ove zna\u010dajne obljetnice bit \u0107e 50. skup\u0161tina Hrvatskoga knji\u017eni\u010darskog dru\u0161tva, koja \u0107e se odr\u017eati 11.-12. studenoga 2025. [&hellip;]<\/p>\n","protected":false},"author":1,"featured_media":0,"parent":0,"menu_order":0,"comment_status":"closed","ping_status":"closed","template":"","meta":{"footnotes":""},"class_list":["post-56","page","type-page","status-publish","hentry"],"_links":{"self":[{"href":"https:\/\/skupstina.hkdrustvo.hr\/50-2025\/wp-json\/wp\/v2\/pages\/56","targetHints":{"allow":["GET"]}}],"collection":[{"href":"https:\/\/skupstina.hkdrustvo.hr\/50-2025\/wp-json\/wp\/v2\/pages"}],"about":[{"href":"https:\/\/skupstina.hkdrustvo.hr\/50-2025\/wp-json\/wp\/v2\/types\/page"}],"author":[{"embeddable":true,"href":"https:\/\/skupstina.hkdrustvo.hr\/50-2025\/wp-json\/wp\/v2\/users\/1"}],"replies":[{"embeddable":true,"href":"https:\/\/skupstina.hkdrustvo.hr\/50-2025\/wp-json\/wp\/v2\/comments?post=56"}],"version-history":[{"count":9,"href":"https:\/\/skupstina.hkdrustvo.hr\/50-2025\/wp-json\/wp\/v2\/pages\/56\/revisions"}],"predecessor-version":[{"id":193,"href":"https:\/\/skupstina.hkdrustvo.hr\/50-2025\/wp-json\/wp\/v2\/pages\/56\/revisions\/193"}],"wp:attachment":[{"href":"https:\/\/skupstina.hkdrustvo.hr\/50-2025\/wp-json\/wp\/v2\/media?parent=56"}],"curies":[{"name":"wp","href":"https:\/\/api.w.org\/{rel}","templated":true}]}}