{"id":241,"date":"2025-11-03T15:28:50","date_gmt":"2025-11-03T14:28:50","guid":{"rendered":"https:\/\/skupstina.hkdrustvo.hr\/50-2025\/?page_id=241"},"modified":"2025-11-12T07:47:31","modified_gmt":"2025-11-12T06:47:31","slug":"program-2","status":"publish","type":"page","link":"https:\/\/skupstina.hkdrustvo.hr\/50-2025\/program-2\/","title":{"rendered":"Program"},"content":{"rendered":"\n<p class=\"has-luminous-vivid-amber-color has-text-color has-link-color has-large-font-size wp-elements-f86a61d8ce02e5962f9fe5c6161d0bc9\"><a href=\"https:\/\/skupstina.hkdrustvo.hr\/50-2025\/program\/\" data-type=\"page\" data-id=\"8\">Program<\/a><\/p>\n\n\n\n<p class=\"has-luminous-vivid-amber-color has-text-color has-link-color has-large-font-size wp-elements-d0dcd2c3c8692b47bd8def41d86eddac\"><a href=\"https:\/\/skupstina.hkdrustvo.hr\/50-2025\/sazeci\/\" data-type=\"page\" data-id=\"245\">Sa\u017eeci<\/a><\/p>\n\n\n\n<p class=\"has-luminous-vivid-amber-color has-text-color has-link-color has-large-font-size wp-elements-be35e6cfed4376eed5378143607293fa\"><a href=\"https:\/\/skupstina.hkdrustvo.hr\/50-2025\/pozvani-izlagaci\/\" data-type=\"page\" data-id=\"114\">Pozvani izlaga\u010di<\/a><\/p>\n\n\n\n<p class=\"has-luminous-vivid-amber-color has-text-color has-link-color has-large-font-size wp-elements-5daef65c321196b0b0305a9db817f06a\"><a href=\"https:\/\/skupstina.hkdrustvo.hr\/50-2025\/ostali-izlagaci\/\" data-type=\"page\" data-id=\"249\">Ostali izlaga\u010di<\/a><\/p>\n\n\n\n<p class=\"has-luminous-vivid-amber-color has-text-color has-link-color has-large-font-size wp-elements-82e9c7b95207a358109310b2d950f2ca\"><a href=\"https:\/\/skupstina.hkdrustvo.hr\/50-2025\/gudacki-kvartet-col-arco\/\" data-type=\"page\" data-id=\"392\">Guda\u010dki kvartet Col arco<\/a><\/p>\n","protected":false},"excerpt":{"rendered":"<p>Program Sa\u017eeci Pozvani izlaga\u010di Ostali izlaga\u010di Guda\u010dki kvartet Col arco<\/p>\n","protected":false},"author":8,"featured_media":0,"parent":0,"menu_order":0,"comment_status":"closed","ping_status":"closed","template":"","meta":{"footnotes":""},"class_list":["post-241","page","type-page","status-publish","hentry"],"_links":{"self":[{"href":"https:\/\/skupstina.hkdrustvo.hr\/50-2025\/wp-json\/wp\/v2\/pages\/241","targetHints":{"allow":["GET"]}}],"collection":[{"href":"https:\/\/skupstina.hkdrustvo.hr\/50-2025\/wp-json\/wp\/v2\/pages"}],"about":[{"href":"https:\/\/skupstina.hkdrustvo.hr\/50-2025\/wp-json\/wp\/v2\/types\/page"}],"author":[{"embeddable":true,"href":"https:\/\/skupstina.hkdrustvo.hr\/50-2025\/wp-json\/wp\/v2\/users\/8"}],"replies":[{"embeddable":true,"href":"https:\/\/skupstina.hkdrustvo.hr\/50-2025\/wp-json\/wp\/v2\/comments?post=241"}],"version-history":[{"count":4,"href":"https:\/\/skupstina.hkdrustvo.hr\/50-2025\/wp-json\/wp\/v2\/pages\/241\/revisions"}],"predecessor-version":[{"id":486,"href":"https:\/\/skupstina.hkdrustvo.hr\/50-2025\/wp-json\/wp\/v2\/pages\/241\/revisions\/486"}],"wp:attachment":[{"href":"https:\/\/skupstina.hkdrustvo.hr\/50-2025\/wp-json\/wp\/v2\/media?parent=241"}],"curies":[{"name":"wp","href":"https:\/\/api.w.org\/{rel}","templated":true}]}}