{"id":20,"date":"2025-05-20T12:48:57","date_gmt":"2025-05-20T10:48:57","guid":{"rendered":"https:\/\/skupstina.hkdrustvo.hr\/50-2025\/?page_id=20"},"modified":"2025-11-06T23:47:53","modified_gmt":"2025-11-06T22:47:53","slug":"pocetna","status":"publish","type":"page","link":"https:\/\/skupstina.hkdrustvo.hr\/50-2025\/","title":{"rendered":""},"content":{"rendered":"\n<div class=\"wp-block-columns is-layout-flex wp-container-core-columns-is-layout-9d6595d7 wp-block-columns-is-layout-flex\">\n<div class=\"wp-block-column is-layout-flow wp-block-column-is-layout-flow\" style=\"flex-basis:100%\">\n<div class=\"wp-block-columns is-layout-flex wp-container-core-columns-is-layout-9d6595d7 wp-block-columns-is-layout-flex\">\n<div class=\"wp-block-column is-layout-flow wp-block-column-is-layout-flow\">\n<p class=\"has-text-color has-link-color wp-elements-ae588a204ec0994d228c2acb1972026f\" style=\"color:#5a1a4d\"><strong>Organizator:<\/strong><\/p>\n\n\n\n<p class=\"has-luminous-vivid-amber-color has-text-color has-link-color wp-elements-d02f544361f6e0062646600331687af2\"><a href=\"https:\/\/www.hkdrustvo.hr\/\" target=\"_blank\" rel=\"noreferrer noopener\">Hrvatsko knji\u017eni\u010darsko dru\u0161tvo<\/a><\/p>\n<\/div>\n\n\n\n<div class=\"wp-block-column is-layout-flow wp-block-column-is-layout-flow\">\n<p class=\"has-text-color has-link-color wp-elements-6e462be1bd3406d9d51e1dc7b84bd45f\" style=\"color:#5a1a4d\"><strong>Suorganizatori:<\/strong><\/p>\n\n\n\n<p class=\"has-luminous-vivid-amber-color has-text-color has-link-color wp-elements-81b7fca87b5dc849ef27099fec409627\"><a href=\"https:\/\/zkd.hr\/\">Zagreba\u010dko knji\u017eni\u010darsko dru\u0161tvo<\/a><\/p>\n<\/div>\n\n\n\n<div class=\"wp-block-column is-layout-flow wp-block-column-is-layout-flow\">\n<p class=\"has-text-color has-link-color wp-elements-24b7536bfd16d5711aaac4bb80708908\" style=\"color:#5a1a4d\"><strong>Doma\u0107in:<\/strong><\/p>\n\n\n\n<p class=\"has-luminous-vivid-amber-color has-text-color has-link-color wp-elements-3de073e701eed59132b5725cb37af0ba\"><a href=\"https:\/\/nsk.hr\/\">Nacionalna i sveu\u010dili\u0161na knji\u017enica u Zagrebu<\/a><\/p>\n<\/div>\n<\/div>\n<\/div>\n<\/div>\n\n\n\n<div class=\"wp-block-columns is-layout-flex wp-container-core-columns-is-layout-9d6595d7 wp-block-columns-is-layout-flex\">\n<div class=\"wp-block-column is-layout-flow wp-block-column-is-layout-flow\">\n<div class=\"wp-block-columns is-layout-flex wp-container-core-columns-is-layout-9d6595d7 wp-block-columns-is-layout-flex\">\n<div class=\"wp-block-column is-layout-flow wp-block-column-is-layout-flow\"><\/div>\n\n\n\n<div class=\"wp-block-column is-layout-flow wp-block-column-is-layout-flow\"><\/div>\n\n\n\n<div class=\"wp-block-column is-layout-flow wp-block-column-is-layout-flow\"><\/div>\n<\/div>\n<\/div>\n\n\n\n<div class=\"wp-block-column is-layout-flow wp-block-column-is-layout-flow\"><\/div>\n\n\n\n<div class=\"wp-block-column is-layout-flow wp-block-column-is-layout-flow\">\n<p class=\"has-text-color has-link-color wp-elements-68ff0bff81ae368f224dab746ddad016\" style=\"color:#5a1a4d\"><strong>Pokrovitelj:<\/strong><\/p>\n\n\n\n<p class=\"has-luminous-vivid-amber-color has-text-color has-link-color wp-elements-eaebff72bdb2340f5ef91f58dc020903\"><a href=\"https:\/\/min-kulture.gov.hr\/\" target=\"_blank\" rel=\"noreferrer noopener\">Ministarstvo kulture i medija Republike Hrvatske<\/a><\/p>\n<\/div>\n<\/div>\n\n\n\n<p><\/p>\n\n\n\n<p class=\"has-text-color has-link-color wp-elements-93a8856d86f8fef2582bc0a7054e344a\" style=\"color:#5a1a4d\"><strong>Programski i organizacijski odbor:<\/strong> Matea Bakmaz, Dunja Marija Gabriel, Merien Hadrovi\u0107, Jasmina Kenda, Iva Klak Mr\u0161i\u0107, Sanja Kosi\u0107, Amelia Kova\u010devi\u0107, Aleksandra Me\u017enari\u0107 Kraflin, Petra Petrovi\u0107, Martina Pla\u0161\u010dak, Jasenka Ple\u0161ko (predsjednica), dr. sc. Kristina Romi\u0107, dr. sc. Marica \u0160apro-Ficovi\u0107, Sara Semenski, Tatjana \u0160ijakovi\u0107 Katarin\u010dek, Branka Tu\u0111a Kanceljak, Karolina Zlatar Radigovi\u0107<\/p>\n","protected":false},"excerpt":{"rendered":"<p>Organizator: Hrvatsko knji\u017eni\u010darsko dru\u0161tvo Suorganizatori: Zagreba\u010dko knji\u017eni\u010darsko dru\u0161tvo Doma\u0107in: Nacionalna i sveu\u010dili\u0161na knji\u017enica u Zagrebu Pokrovitelj: Ministarstvo kulture i medija Republike Hrvatske Programski i organizacijski odbor: Matea Bakmaz, Dunja Marija Gabriel, Merien Hadrovi\u0107, Jasmina Kenda, Iva Klak Mr\u0161i\u0107, Sanja Kosi\u0107, Amelia Kova\u010devi\u0107, Aleksandra Me\u017enari\u0107 Kraflin, Petra Petrovi\u0107, Martina Pla\u0161\u010dak, Jasenka Ple\u0161ko (predsjednica), dr. sc. Kristina [&hellip;]<\/p>\n","protected":false},"author":8,"featured_media":0,"parent":0,"menu_order":0,"comment_status":"closed","ping_status":"closed","template":"","meta":{"footnotes":""},"class_list":["post-20","page","type-page","status-publish","hentry"],"_links":{"self":[{"href":"https:\/\/skupstina.hkdrustvo.hr\/50-2025\/wp-json\/wp\/v2\/pages\/20","targetHints":{"allow":["GET"]}}],"collection":[{"href":"https:\/\/skupstina.hkdrustvo.hr\/50-2025\/wp-json\/wp\/v2\/pages"}],"about":[{"href":"https:\/\/skupstina.hkdrustvo.hr\/50-2025\/wp-json\/wp\/v2\/types\/page"}],"author":[{"embeddable":true,"href":"https:\/\/skupstina.hkdrustvo.hr\/50-2025\/wp-json\/wp\/v2\/users\/8"}],"replies":[{"embeddable":true,"href":"https:\/\/skupstina.hkdrustvo.hr\/50-2025\/wp-json\/wp\/v2\/comments?post=20"}],"version-history":[{"count":27,"href":"https:\/\/skupstina.hkdrustvo.hr\/50-2025\/wp-json\/wp\/v2\/pages\/20\/revisions"}],"predecessor-version":[{"id":338,"href":"https:\/\/skupstina.hkdrustvo.hr\/50-2025\/wp-json\/wp\/v2\/pages\/20\/revisions\/338"}],"wp:attachment":[{"href":"https:\/\/skupstina.hkdrustvo.hr\/50-2025\/wp-json\/wp\/v2\/media?parent=20"}],"curies":[{"name":"wp","href":"https:\/\/api.w.org\/{rel}","templated":true}]}}