{"id":365,"date":"2024-08-08T12:31:25","date_gmt":"2024-08-08T10:31:25","guid":{"rendered":"https:\/\/skupstina.hkdrustvo.hr\/49-2024\/?page_id=365"},"modified":"2025-06-04T19:00:22","modified_gmt":"2025-06-04T17:00:22","slug":"o-nama","status":"publish","type":"page","link":"https:\/\/skupstina.hkdrustvo.hr\/49-2024\/o-nama\/","title":{"rendered":"O nama"},"content":{"rendered":"\n<h6 class=\"wp-block-heading\">Organizator 49. skup\u0161tine Hrvatskoga knji\u017eni\u010darskog dru\u0161tva:<\/h6>\n\n\n\n<div class=\"wp-block-group is-layout-grid wp-container-core-group-is-layout-9649a0d9 wp-block-group-is-layout-grid\">\n<figure class=\"wp-block-image size-full\"><img decoding=\"async\" src=\"https:\/\/skupstina.hkdrustvo.hr\/49-2024\/wp-content\/uploads\/sites\/2\/2024\/08\/Logo-vanjski-obrub-e1730844480675.png\" alt=\"\" class=\"wp-image-175\"\/><\/figure>\n<\/div>\n\n\n<p><a href=\"https:\/\/www.hkdrustvo.hr\/\"><span style=\"color: #800080;\"><strong><span style=\"color: #00ccff;\"><span style=\"color: #333399;\"><span style=\"color: #666699;\"><span style=\"color: #003366;\"><span style=\"color: #800080;\">Hrvatsko knji\u017eni\u010darsko dru\u0161tvo<\/span><\/span><\/span><\/span><\/span><\/strong><\/span><\/a> nacionalna je udruga hrvatskih knji\u017eni\u010dara.<br \/>Osnovano\u00a0 je 1940. godine pod imenom Hrvatsko bibliotekarsko dru\u0161tvo, radi za\u0161tite i promicanja knji\u017eni\u010darske struke i djelatnosti te osiguravanja profesionalnog integriteta knji\u017eni\u010dnih djelatnika.<br \/>Dru\u0161tvo se u svom radu zala\u017ee za najvi\u0161u razinu profesionalnog djelovanja te po\u0161tivanje temeljnih na\u010dela po\u0161tivanja ljudskih prava, \u0161to uklju\u010duje odr\u017eivi razvoj dru\u0161tva i demokracije; na\u010dela slobodnog pristupa informacijama, idejama i mislima u skladu s odredbama Op\u0107e deklaracije o ljudskim pravima, IFLA-inom izjavom Knji\u017enice i intelektualna sloboda te Izjavom o slobodnom pristupu informacijama Dru\u0161tva.<\/p>\n\n\n<hr class=\"wp-block-separator has-alpha-channel-opacity\"\/>\n\n\n\n<h6 class=\"wp-block-heading\">Suorganizatori 49. skup\u0161tine Hrvatskoga knji\u017eni\u010darskog dru\u0161tva:<\/h6>\n\n\n\n<figure class=\"wp-block-image size-full is-resized\"><img loading=\"lazy\" decoding=\"async\" width=\"400\" height=\"400\" src=\"https:\/\/skupstina.hkdrustvo.hr\/49-2024\/wp-content\/uploads\/sites\/2\/2024\/09\/kdr_logo_trans.png\" alt=\"\" class=\"wp-image-540\" style=\"width:147px;height:auto\" srcset=\"https:\/\/skupstina.hkdrustvo.hr\/49-2024\/wp-content\/uploads\/sites\/2\/2024\/09\/kdr_logo_trans.png 400w, https:\/\/skupstina.hkdrustvo.hr\/49-2024\/wp-content\/uploads\/sites\/2\/2024\/09\/kdr_logo_trans-300x300.png 300w, https:\/\/skupstina.hkdrustvo.hr\/49-2024\/wp-content\/uploads\/sites\/2\/2024\/09\/kdr_logo_trans-150x150.png 150w, https:\/\/skupstina.hkdrustvo.hr\/49-2024\/wp-content\/uploads\/sites\/2\/2024\/09\/kdr_logo_trans-12x12.png 12w\" sizes=\"auto, (max-width: 400px) 100vw, 400px\" \/><\/figure>\n\n\n\n<p class=\"has-text-align-left\"><strong><a href=\"https:\/\/www.kdr.hr\/\" target=\"_blank\" rel=\"noreferrer noopener\">Knji\u017eni\u010darsko dru\u0161tvo Rijeka<\/a><\/strong> osnovano je 1950. godine. Djeluje na podru\u010dju Primorsko-goranske \u017eupanije, a okuplja knji\u017eni\u010dare iz svih vrsta knji\u017enica. Temeljni je cilj Dru\u0161tva doprinijeti razvoju knji\u017eni\u010darske djelatnosti i struke, poduprijeti osnivanje i razvoj knji\u017enica, povezati knji\u017eni\u010dare i knji\u017enice na svom podru\u010dju te poticati profesionalni razvoj kao temelj ja\u010danja, prepoznatljivosti i vidljivosti profesije.<\/p>\n\n\n\n<p>Knji\u017eni\u010darsko dru\u0161tvo Rijeka svake dvije godine dodjeljuje povelju \u201eIvan Kostren\u010di\u0107\u201c svojim najzaslu\u017enijim \u010dlanovima te kontinuirano izdaje \u010dasopis Knji\u017eni\u010dar\/ka.<\/p>\n\n\n\n<p><\/p>\n\n\n\n<figure class=\"wp-block-image size-full is-resized\"><img loading=\"lazy\" decoding=\"async\" width=\"228\" height=\"60\" src=\"https:\/\/skupstina.hkdrustvo.hr\/49-2024\/wp-content\/uploads\/sites\/2\/2024\/09\/svkri.png\" alt=\"\" class=\"wp-image-541\" style=\"width:182px;height:auto\" srcset=\"https:\/\/skupstina.hkdrustvo.hr\/49-2024\/wp-content\/uploads\/sites\/2\/2024\/09\/svkri.png 228w, https:\/\/skupstina.hkdrustvo.hr\/49-2024\/wp-content\/uploads\/sites\/2\/2024\/09\/svkri-18x5.png 18w\" sizes=\"auto, (max-width: 228px) 100vw, 228px\" \/><\/figure>\n\n\n\n<p><strong><a href=\"https:\/\/svkri.uniri.hr\" target=\"_blank\" rel=\"noreferrer noopener\">Sveu\u010dili\u0161na knji\u017enica Rijeka <\/a><\/strong>zapo\u010dela je s radom 1948. godine i od po\u010detka rada prikuplja obvezni primjerak. Sredi\u0161nja je knji\u017enica visoko\u0161kolskog sustava u Rijeci, mati\u010dna knji\u017enica za visoko\u0161kolske i specijalne knji\u017enice na podru\u010dju triju \u017eupanija. Knji\u017enica izgra\u0111uje zbirke, strukturira informacijske izvore i daje na kori\u0161tenje svu vrstu gra\u0111e. Istovremeno, Knji\u017enica organizira edukacije, podupire istra\u017eivanje i pou\u010davanje kao temeljne aktivnosti sveu\u010dili\u0161ne zajednice. Sredi\u0161te je obrazovnog i znanstvenog procesa Sveu\u010dili\u0161ta.&nbsp;<\/p>\n\n\n\n<figure class=\"wp-block-image size-full is-resized\"><img loading=\"lazy\" decoding=\"async\" width=\"426\" height=\"242\" src=\"https:\/\/skupstina.hkdrustvo.hr\/49-2024\/wp-content\/uploads\/sites\/2\/2024\/09\/image.png\" alt=\"\" class=\"wp-image-549\" style=\"width:129px;height:auto\" srcset=\"https:\/\/skupstina.hkdrustvo.hr\/49-2024\/wp-content\/uploads\/sites\/2\/2024\/09\/image.png 426w, https:\/\/skupstina.hkdrustvo.hr\/49-2024\/wp-content\/uploads\/sites\/2\/2024\/09\/image-300x170.png 300w, https:\/\/skupstina.hkdrustvo.hr\/49-2024\/wp-content\/uploads\/sites\/2\/2024\/09\/image-18x10.png 18w\" sizes=\"auto, (max-width: 426px) 100vw, 426px\" \/><\/figure>\n\n\n\n<p><strong><a href=\"https:\/\/gkr.hr\" target=\"_blank\" rel=\"noreferrer noopener\">Gradska knji\u017enica Rijeka<\/a><\/strong> sredi\u0161nja je narodna knji\u017enica grada Rijeke i mati\u010dna knji\u017enica za narodne i \u0161kolske knji\u017enice Primorsko-goranske \u017eupanije. Kao posebna ustanova od 1962. godine sljednica je razvoja Narodne \u010ditaonice rie\u010dke i Gradske biblioteke Su\u0161ak te je do dana\u0161njeg oblika do\u0161la slo\u017eenom evolucijom kroz koju je mijenjala oblik, strukturu, prostore, sadr\u017eaj. Od 2023. godine djeluje uz kvartovske ogranke i kroz sredi\u0161nju knji\u017enicu u art-kvartu \u201cBen\u010di\u0107\u201d i Dje\u010dju ku\u0107u. Sklona inovacijama, Knji\u017enica se posebno isti\u010de produkcijom slo\u017eenijih manifestacijskih i festivalskih formi (Tobogan, Tjedan dobre dje\u010dje knjige, Zimska i Ljetna pri\u010da iz Ben\u010di\u0107a\u2026) te razvojem digitalnih koncepata usmjerenih stvarala\u0161tvu poput Magazina i Rasadnika. Ona je suvremeno informacijsko, obrazovno, kulturno, komunikacijsko i socijalno sredi\u0161te Rijeke i okolice usmjereno prema \u010ditateljskoj kulturi, novom stvarala\u0161tvu, odr\u017eivom razvoju i programima zajednice za sve generacije.&nbsp;<\/p>\n\n\n\n<p><\/p>\n\n\n\n<figure class=\"wp-block-image size-full is-resized\"><img loading=\"lazy\" decoding=\"async\" width=\"286\" height=\"176\" src=\"https:\/\/skupstina.hkdrustvo.hr\/49-2024\/wp-content\/uploads\/sites\/2\/2024\/09\/Untitled.jpg\" alt=\"\" class=\"wp-image-543\" style=\"width:231px;height:auto\" srcset=\"https:\/\/skupstina.hkdrustvo.hr\/49-2024\/wp-content\/uploads\/sites\/2\/2024\/09\/Untitled.jpg 286w, https:\/\/skupstina.hkdrustvo.hr\/49-2024\/wp-content\/uploads\/sites\/2\/2024\/09\/Untitled-18x12.jpg 18w\" sizes=\"auto, (max-width: 286px) 100vw, 286px\" \/><\/figure>\n\n\n\n<p><strong><a href=\"https:\/\/www.gk-opatija.hr\" target=\"_blank\" rel=\"noreferrer noopener\">Gradska knji\u017enica i \u010ditaonica &#8220;Viktor Car Emin&#8221; Opatija <\/a><\/strong>djeluje u prostoru Kulturnog doma \u201cZora\u201d, u istom onom zdanju u kojem je i zapo\u010dela \u010ditaoni\u010dka djelatnost u Opatiji u drugoj polovici 19. stolje\u0107a (1888.) osnivanjem istoimenog dru\u0161tva.<\/p>\n\n\n\n<p>Dana 30. rujna 1997. Knji\u017enica je preseljena iz prostora Ville Angioline u prizemlje obnovljene zgrade Kulturnog doma &#8220;Zora\u201c \u2013 pod okrilje kulturne ustanove koja ju je iznjedrila. Stoga se ovaj datum obilje\u017eava kao Dan Knji\u017enice.<\/p>\n\n\n\n<p>Od osobitog zna\u010denja za na\u0161 kraj i od interesa za o\u010duvanje zavi\u010dajne ba\u0161tine Zavi\u010dajna je zbirka koja sadr\u017ei literaturu o zavi\u010dajnoj i regionalnoj povijesti Opatije, Liburnije i Istre. Va\u017ean dio ove zbirke \u010dine osobne ostav\u0161tine pjesnika Rikarda Katalini\u0107a Jeretova i povjesni\u010dara Marija Glogovi\u0107a. Knji\u017enica skrbi i o ostav\u0161tini Viktora Cara Emina koja je smje\u0161tena u Memorijalnoj sobi Viktora Cara u Knji\u017enici Lovran.<\/p>\n\n\n\n<p>Poseban aspekt poslovanja na\u0161e ustanove \u010dini izdava\u010dka djelatnost kojom Knji\u017enica ostvaruje misiju \u010duvara lokalne kulturno-povijesne i knji\u017eevne ba\u0161tine.<\/p>\n\n\n\n<p class=\"has-text-align-center\"><\/p>\n\n\n\n<p class=\"has-text-align-center\"><\/p>\n\n\n\n<p><\/p>\n","protected":false},"excerpt":{"rendered":"<p>Organizator 49. skup\u0161tine Hrvatskoga knji\u017eni\u010darskog dru\u0161tva: Hrvatsko knji\u017eni\u010darsko dru\u0161tvo nacionalna je udruga hrvatskih knji\u017eni\u010dara.Osnovano\u00a0 je 1940. godine pod imenom Hrvatsko bibliotekarsko dru\u0161tvo, radi za\u0161tite i promicanja knji\u017eni\u010darske struke i djelatnosti te osiguravanja profesionalnog integriteta knji\u017eni\u010dnih djelatnika.Dru\u0161tvo se u svom radu zala\u017ee za najvi\u0161u razinu profesionalnog djelovanja te po\u0161tivanje temeljnih na\u010dela po\u0161tivanja ljudskih prava, \u0161to uklju\u010duje [&hellip;]<\/p>\n","protected":false},"author":1,"featured_media":0,"parent":0,"menu_order":0,"comment_status":"closed","ping_status":"closed","template":"","meta":{"footnotes":""},"class_list":["post-365","page","type-page","status-publish","hentry"],"_links":{"self":[{"href":"https:\/\/skupstina.hkdrustvo.hr\/49-2024\/wp-json\/wp\/v2\/pages\/365","targetHints":{"allow":["GET"]}}],"collection":[{"href":"https:\/\/skupstina.hkdrustvo.hr\/49-2024\/wp-json\/wp\/v2\/pages"}],"about":[{"href":"https:\/\/skupstina.hkdrustvo.hr\/49-2024\/wp-json\/wp\/v2\/types\/page"}],"author":[{"embeddable":true,"href":"https:\/\/skupstina.hkdrustvo.hr\/49-2024\/wp-json\/wp\/v2\/users\/1"}],"replies":[{"embeddable":true,"href":"https:\/\/skupstina.hkdrustvo.hr\/49-2024\/wp-json\/wp\/v2\/comments?post=365"}],"version-history":[{"count":36,"href":"https:\/\/skupstina.hkdrustvo.hr\/49-2024\/wp-json\/wp\/v2\/pages\/365\/revisions"}],"predecessor-version":[{"id":1397,"href":"https:\/\/skupstina.hkdrustvo.hr\/49-2024\/wp-json\/wp\/v2\/pages\/365\/revisions\/1397"}],"wp:attachment":[{"href":"https:\/\/skupstina.hkdrustvo.hr\/49-2024\/wp-json\/wp\/v2\/media?parent=365"}],"curies":[{"name":"wp","href":"https:\/\/api.w.org\/{rel}","templated":true}]}}