{"id":23,"date":"2024-08-02T17:14:00","date_gmt":"2024-08-02T15:14:00","guid":{"rendered":"https:\/\/skupstina.hkdrustvo.hr\/49-2024\/?page_id=23"},"modified":"2024-11-05T23:43:15","modified_gmt":"2024-11-05T22:43:15","slug":"dodatni-sadrzaji","status":"publish","type":"page","link":"https:\/\/skupstina.hkdrustvo.hr\/49-2024\/dodatni-sadrzaji\/","title":{"rendered":"Dodatni sadr\u017eaji 49. skup\u0161tine HKD-a"},"content":{"rendered":"\n<h6 class=\"wp-block-heading\"><strong>srijeda, 13. studenoga 2024.<\/strong><\/h6>\n\n\n\n<p>19:00 koktel dobrodo\u0161lice, Grand Hotel Adriatic, Opatija<\/p>\n\n\n\n<hr class=\"wp-block-separator has-alpha-channel-opacity\"\/>\n\n\n\n<h6 class=\"wp-block-heading\"><strong>\u010detvrtak, 14. studenoga 2024.<\/strong><\/h6>\n\n\n\n<p>20:00 sve\u010dana ve\u010dera, <a href=\"https:\/\/www.visitopatija.com\/centar-gervais-p770\" target=\"_blank\" rel=\"noreferrer noopener\">Centar Gervais<\/a> (Mala dvorana i foaje)<\/p>\n\n\n\n<hr class=\"wp-block-separator has-alpha-channel-opacity\"\/>\n\n\n\n<h6 class=\"wp-block-heading\"><strong>petak, 15. studenoga 2024.<\/strong><\/h6>\n\n\n<p><strong>8:30 -9:30<\/strong> \u0161etnja Opatijom uz stru\u010dno vodstvo (<a href=\"https:\/\/www.visitopatija.com\/hr\" target=\"_blank\" rel=\"noreferrer noopener\">TZ grada Opatije<\/a>)<\/p>\n<p style=\"padding-left: 40px;\">OPATIJA KAKVU (NE)ZNAMO<br \/>Okupljanje \u0107e biti pred Grand Hotel Adratic I, a vo\u0111ena \u0161etnja zapo\u010dinje kod <a href=\"https:\/\/skupstina.hkdrustvo.hr\/49-2024\/wp-content\/uploads\/sites\/2\/2024\/11\/Opatija-spomenik-Miroslavu-Krlezi-1.png\">spomenika Miroslavu Krle\u017ei.<\/a><\/p>\n<p><strong>18:30 -20:00<\/strong> tematski posjet <a href=\"https:\/\/www.gk-opatija.hr\/\">Gradskoj knji\u017enici i \u010ditaonici \u201eViktor Car Emin\u201d Opatija<\/a><\/p>\n<p style=\"padding-left: 40px;\">POD U\u010cKUN: PRI\u010cE IZ MRAKA NARODNE PREDAJE<br \/>Pripovjedni nastup sa kostimiranim izvo\u0111a\u010dima koji \u0107e o\u017eivjeti stra\u0161ne crtice iz narodne predaje te u interakciji s publikom predstaviti nadnaravne aktere zavi\u010dajnog folklora.<\/p>\n<p style=\"padding-left: 40px;\">Okupljanje \u0107e bit ispred hotela Adriatic I i zgrade Kulturnog doma \u201eZora\u201d (Nikole Tesle 6) u kojoj se nalazi knji\u017enica.<\/p>\n<p style=\"padding-left: 40px;\">Potrebna je prijava (putem dostavljenog obrasca). <strong>Broj sudionika je ograni\u010den na 30<\/strong>.\u00a0<\/p>\n<p style=\"padding-left: 40px;\">Do knji\u017enice mo\u017eete do\u0107i prema uputi na\u00a0 karti.\u00a0<\/p>\n\n\n<hr class=\"wp-block-separator has-alpha-channel-opacity\"\/>\n\n\n\n<h6 class=\"wp-block-heading\"><strong>subota, 16. studenoga 2024.<\/strong><\/h6>\n\n\n\n<p><strong>10:00<\/strong> posjet <a href=\"https:\/\/artkvart.hr\/kategorija\/kvart\/art-kvart-bencic\/gradska-knjiznica-rijeka\/\">Art-kvartu Ben\u010di\u0107<\/a> uz vo\u0111ene ture<\/p>\n\n\n<p>U Art kvartu bit \u0107e organiziran obilazak Gradske knji\u017enice Rijeka, Muzeja grada Rijeke, Muzeja moderne i suvremene umjetnosti te Dje\u010dje ku\u0107e.<\/p>\n<p><strong>10:00 sati<\/strong><\/p>\n<p style=\"padding-left: 40px;\"><strong>1. razgled:<\/strong> <a href=\"https:\/\/gkr.hr\/\">GRADSKA KNJI\u017dNICA RIJEKA<\/a><br \/>Gradska knji\u017enica Rijeka nudi upoznavanje s konceptom i radom Sredi\u0161nje knji\u017enice.<br \/><strong>2. razgled:<\/strong> <a href=\"https:\/\/www.muzej-rijeka.hr\/\">MUZEJ GRADA RIJEKE<\/a><br \/>Muzej grada Rijeke, smje\u0161ten u Pala\u010di \u0161e\u0107era, povijesni je muzej s izuzetno atraktivnim stalnim postavom artefakata industrijske povijesti.<\/p>\n<p><strong>11:30 sati<\/strong><\/p>\n<p style=\"padding-left: 40px;\"><strong>3. razgled:<\/strong> <a href=\"https:\/\/mmsu.hr\/\">MUZEJ MODERNE I SUVREMENE UMJETNOSTI<\/a><br \/>Muzej moderne i suvremene umjetnosti nudi vo\u0111eni obilazak izlo\u017ebom \u201eKontinuiteti i prekidi\u201c \u2013 o razvoju rije\u010dke i hrvatske umjetni\u010dke scene.<br \/><strong>4. razgled:<\/strong> <a href=\"https:\/\/djecjakuca.hr\/\">DJE\u010cJA KU\u0106A<\/a><br \/>Dje\u010dja Ku\u0107a, centar kulture za djecu i roditelje nudi razgled te upoznavanje s konceptom rada, a posebni fokus postavljen je na rad Dje\u010djeg odjela Stribor.<\/p>\n<p><strong>Mogu\u0107e je odabrati jednu vo\u0111enu turu u 10:00 te drugu u 11:30 sati.<\/strong><\/p>\n<p>Mjesto sastanka u 10:00 i 11:30 je otvoreni prostor u Art kvartu Ben\u010di\u0107.<\/p>\n<p>Iskrcavanje iz autobusa mogu\u0107e je na \u017eeljezni\u010dkom kolodvoru preko puta Art kvarta, ali nije omogu\u0107eno dulje zadr\u017eavanje autobusa.<br \/>Za osobne automobile nije mogu\u0107e osigurati parkirno mjesto, ali postoje naplatna parkirali\u0161ta u ulicama oko Art kvarta ili u gara\u017eama Zagrad i Zagrad 2 (na 10 minuta hoda od Art kvarta).<\/p>\n\n\n<p><\/p>\n","protected":false},"excerpt":{"rendered":"<p>srijeda, 13. studenoga 2024. 19:00 koktel dobrodo\u0161lice, Grand Hotel Adriatic, Opatija \u010detvrtak, 14. studenoga 2024. 20:00 sve\u010dana ve\u010dera, Centar Gervais (Mala dvorana i foaje) petak, 15. studenoga 2024. 8:30 -9:30 \u0161etnja Opatijom uz stru\u010dno vodstvo (TZ grada Opatije) OPATIJA KAKVU (NE)ZNAMOOkupljanje \u0107e biti pred Grand Hotel Adratic I, a vo\u0111ena \u0161etnja zapo\u010dinje kod spomenika Miroslavu [&hellip;]<\/p>\n","protected":false},"author":1,"featured_media":0,"parent":0,"menu_order":0,"comment_status":"closed","ping_status":"closed","template":"","meta":{"footnotes":""},"class_list":["post-23","page","type-page","status-publish","hentry"],"_links":{"self":[{"href":"https:\/\/skupstina.hkdrustvo.hr\/49-2024\/wp-json\/wp\/v2\/pages\/23","targetHints":{"allow":["GET"]}}],"collection":[{"href":"https:\/\/skupstina.hkdrustvo.hr\/49-2024\/wp-json\/wp\/v2\/pages"}],"about":[{"href":"https:\/\/skupstina.hkdrustvo.hr\/49-2024\/wp-json\/wp\/v2\/types\/page"}],"author":[{"embeddable":true,"href":"https:\/\/skupstina.hkdrustvo.hr\/49-2024\/wp-json\/wp\/v2\/users\/1"}],"replies":[{"embeddable":true,"href":"https:\/\/skupstina.hkdrustvo.hr\/49-2024\/wp-json\/wp\/v2\/comments?post=23"}],"version-history":[{"count":39,"href":"https:\/\/skupstina.hkdrustvo.hr\/49-2024\/wp-json\/wp\/v2\/pages\/23\/revisions"}],"predecessor-version":[{"id":1026,"href":"https:\/\/skupstina.hkdrustvo.hr\/49-2024\/wp-json\/wp\/v2\/pages\/23\/revisions\/1026"}],"wp:attachment":[{"href":"https:\/\/skupstina.hkdrustvo.hr\/49-2024\/wp-json\/wp\/v2\/media?parent=23"}],"curies":[{"name":"wp","href":"https:\/\/api.w.org\/{rel}","templated":true}]}}