{"id":129,"date":"2024-08-07T00:54:45","date_gmt":"2024-08-06T22:54:45","guid":{"rendered":"https:\/\/skupstina.hkdrustvo.hr\/49-2024\/?page_id=129"},"modified":"2024-08-28T09:57:13","modified_gmt":"2024-08-28T07:57:13","slug":"proba","status":"publish","type":"page","link":"https:\/\/skupstina.hkdrustvo.hr\/49-2024\/proba\/","title":{"rendered":"Teme"},"content":{"rendered":"\n<p id=\"block-d00796a9-a34e-4823-bd3d-b0fb9cded274\">KNJI\u017dNICA I ZAJEDNICA:&nbsp; inovativnost, inkluzivnost, raznolikost i odr\u017eivost<\/p>\n\n\n\n<ol id=\"block-ebfcd310-8e51-4a77-acb1-6e5d39e102c5\" class=\"wp-block-list\">\n<li><strong>Knji\u017enice i umjetna inteligencija: prilike i izazovi<\/strong><\/li>\n<\/ol>\n\n\n\n<div class=\"wp-block-group\"><div class=\"wp-block-group__inner-container is-layout-constrained wp-block-group-is-layout-constrained\">\n<ul id=\"block-33e48691-617e-4fbd-9d66-254105e5ffda\" class=\"wp-block-list\">\n<li>Podteme:\n<ul class=\"wp-block-list\">\n<li>Umjetna inteligencija: prilike i izazovi (dru\u0161tveni kontekst)<\/li>\n\n\n\n<li>Nova vrsta pismenosti: AI pismenost i uloga knji\u017enica u svladavanju novog&nbsp; digitalnog jaza<\/li>\n\n\n\n<li>Transformacija knji\u017eni\u010dnih sustava uz pomo\u0107 umjetne inteligencije: inovacije u organizaciji informacija i obradi<\/li>\n\n\n\n<li>Personalizacija korisni\u010dkog iskustva: kako umjetna inteligencija mo\u017ee pobolj\u0161ati kori\u0161tenje knji\u017enica<\/li>\n\n\n\n<li>Eti\u010dki aspekti primjene umjetne inteligencije u knji\u017eni\u010darstvu: privatnost, pristranost i odgovornost<\/li>\n\n\n\n<li>Za\u0161tita intelektualnog vlasni\u0161tva vs promicanje inovacija i \u0161iroke dostupnosti AI tehnologija: stari problem, novi kontekst.<\/li>\n\n\n\n<li>Zbirke kao podaci: strategije za upravljanje digitalnim zbirkama u kontekstu umjetne inteligencije<\/li>\n\n\n\n<li>Inkluzivne knji\u017eni\u010dne usluge: uklanjanje barijera uz pomo\u0107 umjetne inteligencije<\/li>\n\n\n\n<li>Interdisciplinarni pristupi inovacijama u knji\u017eni\u010darstvu<\/li>\n\n\n\n<li>Obrazovanje i osposobljavanje knji\u017eni\u010dara za rad s naprednim tehnologijama<\/li>\n\n\n\n<li>Transformacija knji\u017enica i knji\u017eni\u010dara u kontekstu umjetne inteligencije<\/li>\n<\/ul>\n<\/li>\n<\/ul>\n\n\n\n<ol start=\"2\" id=\"block-7c1a3ec1-4001-44d0-bbd5-d9ba5e6d6779\" class=\"wp-block-list\">\n<li><strong>Knji\u017enice u multikulturalnom kontekstu: inkluzivnost, raznolikost i odr\u017eivost<\/strong><\/li>\n<\/ol>\n\n\n\n<ul id=\"block-203e1528-350c-40fc-91fb-d3a520c1ed83\" class=\"wp-block-list\">\n<li>Podteme:\n<ul class=\"wp-block-list\">\n<li>Multikulturalnosti u knji\u017enicama: osna\u017eivanje integracije u zajednicu kroz raznolikost<\/li>\n\n\n\n<li>Inkluzivnost u knji\u017enicama: pristupa\u010dnost za sve u kontekstu odr\u017eivih migracija<\/li>\n\n\n\n<li>Uloga knji\u017enica u senzibiliziranju javnosti i zagovaranju pru\u017eanja potpore ranjivim skupinama dru\u0161tva<\/li>\n\n\n\n<li>Financijska odr\u017eivost: modeli financiranja za programe podr\u0161ke u knji\u017enicama u novom kontekstu ekonomskih, klimatskih i ratnih migracija<\/li>\n<\/ul>\n<\/li>\n<\/ul>\n\n\n\n<ol start=\"3\" id=\"block-19d80828-8a9c-4690-a949-0338cf590f44\" class=\"wp-block-list\">\n<li><strong>Zelena tranzicija \u2013 uloga i doprinos knji\u017enica i knji\u017eni\u010dnih usluga\u00a0 odr\u017eivom razvoju dru\u0161tva<\/strong><\/li>\n<\/ol>\n\n\n\n<ul id=\"block-798f426d-725f-4889-99fd-bad86fb183a5\" class=\"wp-block-list\">\n<li>Podteme:\n<ul class=\"wp-block-list\">\n<li>Zelena inicijativa u knji\u017eni\u010darstvu: motivacija i obrazovne potrebe<\/li>\n\n\n\n<li>Odr\u017eivost u knji\u017enicama \u2013 suradnja i umre\u017eavanje s lokalnim zajednicama<\/li>\n\n\n\n<li>Zelene inovacije u knji\u017eni\u010dnim prostorima i arhitekturi<\/li>\n\n\n\n<li>Digitalna transformacija knji\u017eni\u010dnih resursa \u2013 zelene tehnologije i prakse<\/li>\n\n\n\n<li>Eko-aktivizam i zagovaranje putem knji\u017enica<\/li>\n\n\n\n<li>Gra\u0111anska znanost i knji\u017enice<\/li>\n<\/ul>\n<\/li>\n<\/ul>\n\n\n\n<hr class=\"wp-block-separator has-alpha-channel-opacity\" id=\"block-a6e3512f-f35f-46ff-87d4-ebaa14eeb37d\"\/>\n\n\n\n<p id=\"block-6788a83c-cccf-4e67-ac55-3b8494a8da31\">Sudjelovanje i sudjelovanje s izlaganjem potrebno je prijaviti putem&nbsp;<a href=\"https:\/\/ls.hkdrustvo.hr\/index.php\/474683?lang=hr\">poveznice<\/a>.<\/p>\n\n\n\n<hr class=\"wp-block-separator has-alpha-channel-opacity\" id=\"block-34059d01-c40b-4c22-a5e9-b13028d1ad98\"\/>\n\n\n\n<p id=\"block-9a83b737-ab46-4796-a610-827af6fa6fb5\">Izlaganje i e-postersko izlaganje&nbsp;prijavljuju se putem prijavnice za sudjelovanje dostupne na&nbsp;<a href=\"https:\/\/ls.hkdrustvo.hr\/index.php\/474683?lang=hr\">poveznici<\/a>.<\/p>\n\n\n\n<p id=\"block-a7290d3e-fb2f-4ff7-bc24-be60ce71d26b\">Sa\u017eetak treba imati od 200 do 400 rije\u010di na hrvatskom i engleskom jeziku te je uz naslov potebno navesti pet klju\u010dnih rije\u010di. Za rad vi\u0161e autora sa\u017eetak je dovoljno unijeti u prijavnici za sudjelovanje jednog od autora.<\/p>\n\n\n\n<p id=\"block-2dd42cf3-8dee-4775-b380-5042264393c1\">Svi pristigli sa\u017eeci prolaze postupak dvostruke recenzije.<\/p>\n\n\n\n<hr class=\"wp-block-separator has-alpha-channel-opacity\" id=\"block-99026888-f9f8-4e3c-b72b-4644ffbce89a\"\/>\n\n\n\n<p id=\"block-dbfb0449-6559-42c0-b613-35f53d776f85\"><strong>Va\u017eni datumi:<\/strong><\/p>\n\n\n\n<p id=\"block-cece0a60-c1bd-4264-86ed-94acb5e39239\">Rok za dostavu sa\u017eetaka: najkasnije <strong>do 31. kolovoza 2024.<\/strong><\/p>\n\n\n\n<p id=\"block-420d13f5-d812-40c8-8673-fff4b1ab3daa\">Obavijest autorima o prihva\u0107enim radovima: najkasnije <strong>do 1. listopada 2024.<\/strong><\/p>\n\n\n\n<p id=\"block-9a859996-a3a0-480d-8b00-0ea7ceceedf1\">Radovi koji \u0107e biti prihva\u0107eni i predstavljeni mogu se pripremiti za objavu u <a href=\"https:\/\/izdanja.hkdrustvo.hr\/casopisi\/vbh\" target=\"_blank\" rel=\"noreferrer noopener\"><strong>Vjesniku bibliotekara Hrvatske<\/strong>. <\/a>Autori se moraju pridr\u017eavati <a href=\"http:\/\/izdanja.hkdrustvo.hr\/casopisi\/vbh\/about\/submissions#authorGuidelines\" data-type=\"link\" data-id=\"http:\/\/izdanja.hkdrustvo.hr\/casopisi\/vbh\/about\/submissions#authorGuidelines\" target=\"_blank\" rel=\"noreferrer noopener\">Smjernica za autore<\/a>, a svi pristigli radovi prolaze recenzentski postupak.<\/p>\n<\/div><\/div>\n\n\n\n<p><\/p>\n","protected":false},"excerpt":{"rendered":"<p>KNJI\u017dNICA I ZAJEDNICA:&nbsp; inovativnost, inkluzivnost, raznolikost i odr\u017eivost Sudjelovanje i sudjelovanje s izlaganjem potrebno je prijaviti putem&nbsp;poveznice. Izlaganje i e-postersko izlaganje&nbsp;prijavljuju se putem prijavnice za sudjelovanje dostupne na&nbsp;poveznici. Sa\u017eetak treba imati od 200 do 400 rije\u010di na hrvatskom i engleskom jeziku te je uz naslov potebno navesti pet klju\u010dnih rije\u010di. Za rad vi\u0161e autora sa\u017eetak [&hellip;]<\/p>\n","protected":false},"author":1,"featured_media":0,"parent":0,"menu_order":0,"comment_status":"closed","ping_status":"closed","template":"","meta":{"footnotes":""},"class_list":["post-129","page","type-page","status-publish","hentry"],"_links":{"self":[{"href":"https:\/\/skupstina.hkdrustvo.hr\/49-2024\/wp-json\/wp\/v2\/pages\/129","targetHints":{"allow":["GET"]}}],"collection":[{"href":"https:\/\/skupstina.hkdrustvo.hr\/49-2024\/wp-json\/wp\/v2\/pages"}],"about":[{"href":"https:\/\/skupstina.hkdrustvo.hr\/49-2024\/wp-json\/wp\/v2\/types\/page"}],"author":[{"embeddable":true,"href":"https:\/\/skupstina.hkdrustvo.hr\/49-2024\/wp-json\/wp\/v2\/users\/1"}],"replies":[{"embeddable":true,"href":"https:\/\/skupstina.hkdrustvo.hr\/49-2024\/wp-json\/wp\/v2\/comments?post=129"}],"version-history":[{"count":14,"href":"https:\/\/skupstina.hkdrustvo.hr\/49-2024\/wp-json\/wp\/v2\/pages\/129\/revisions"}],"predecessor-version":[{"id":532,"href":"https:\/\/skupstina.hkdrustvo.hr\/49-2024\/wp-json\/wp\/v2\/pages\/129\/revisions\/532"}],"wp:attachment":[{"href":"https:\/\/skupstina.hkdrustvo.hr\/49-2024\/wp-json\/wp\/v2\/media?parent=129"}],"curies":[{"name":"wp","href":"https:\/\/api.w.org\/{rel}","templated":true}]}}