{"id":33,"date":"2024-08-02T17:22:15","date_gmt":"2024-08-02T15:22:15","guid":{"rendered":"https:\/\/skupstina.hkdrustvo.hr\/49-2024\/?page_id=33"},"modified":"2024-08-27T12:49:27","modified_gmt":"2024-08-27T10:49:27","slug":"49-skupstina","status":"publish","type":"page","link":"https:\/\/skupstina.hkdrustvo.hr\/49-2024\/en\/","title":{"rendered":""},"content":{"rendered":"<div class=\"wp-block-columns is-layout-flex wp-container-core-columns-is-layout-9d6595d7 wp-block-columns-is-layout-flex\">\n<div class=\"wp-block-column is-vertically-aligned-top is-layout-flow wp-block-column-is-layout-flow\">\n<p><strong>Organizer:<\/strong><\/p>\n<p><a href=\"https:\/\/www.hkdrustvo.hr\/\" target=\"_blank\" rel=\"noopener\">Croatian Library Assocition<\/a><\/p>\n<\/div>\n\n\n\n<div class=\"wp-block-column is-layout-flow wp-block-column-is-layout-flow\">\n<p><strong>Co-organizers:<\/strong><\/p>\n<p><a href=\"https:\/\/www.kdr.hr\/\" target=\"_blank\" rel=\"noopener\">Rijeka Libray Association<\/a><\/p>\n<p><a href=\"https:\/\/svkri.uniri.hr\/\" target=\"_blank\" rel=\"noopener\">University of Rijeka Library<\/a><\/p>\n<p><a href=\"https:\/\/www.gk-opatija.hr\/\" target=\"_blank\" rel=\"noopener\">Viktor Car Emin Public Library in Opatija<\/a><\/p>\n<p><a href=\"https:\/\/gkr.hr\/\" target=\"_blank\" rel=\"noopener\">City Library Rijeka<\/a><\/p>\n<\/div>\n\n\n\n<div class=\"wp-block-column is-layout-flow wp-block-column-is-layout-flow\">\n<p><strong>Patron:<\/strong><\/p>\n<p><a href=\"https:\/\/min-kulture.gov.hr\/\" target=\"_blank\" rel=\"noopener\">Ministry of Culture and Media<\/a><\/p>\n<\/div>\n<\/div>\n\n\n<p><strong>Programme Committee:<\/strong> Dunja Marija Gabriel, Dejana Golenko, Bla\u017eenka Klemar Bubi\u0107, Dragana Koljenik, Nata\u0161a Mesi\u0107 Muharemi, Petra Pancirov, Silvija Peri\u0107, Sini\u0161a Petkovi\u0107, Jasenka Ple\u0161ko, Kristina Romi\u0107, Annemari \u0160timac, Karolina Zlatar Radigovi\u0107<\/p>\n<p><strong>Organizing Committee: <\/strong>Niko Cvjetkovi\u0107, Dejana Golenko, Katarina Juri\u010dev Martin\u010dev, Sanja Kosi\u0107, Lea Lazzarich, Branka Marjanovi\u0107, Iva Mihovili\u0107, Anita Pe\u0161ut, Jasenka Ple\u0161ko, Sara Semenski<\/p>\n<\/p>\n\n\n<p><\/p>","protected":false},"excerpt":{"rendered":"<p>Organizator: Hrvatsko knji\u017eni\u010darsko dru\u0161tvo Suorganizatori: Knji\u017eni\u010darsko dru\u0161tvo Rijeka Sveu\u010dili\u0161na knji\u017enica Rijeka Gradska knji\u017enica i \u010ditaonica \u201eViktor Car Emin\u201c Opatija Gradska knji\u017enica Rijeka Pokrovitelj: Ministarstvo kulture i medija Republike Hrvatske Programski odbor: Dunja Marija Gabriel, Dejana Golenko, Bla\u017eenka Klemar Bubi\u0107, Dragana Koljenik, Nata\u0161a Mesi\u0107 Muharemi, Petra Pancirov, Silvija Peri\u0107, Sini\u0161a Petkovi\u0107, Jasenka Ple\u0161ko, Kristina Romi\u0107, Annemari [&hellip;]<\/p>","protected":false},"author":1,"featured_media":34,"parent":0,"menu_order":0,"comment_status":"closed","ping_status":"closed","template":"","meta":{"footnotes":""},"class_list":["post-33","page","type-page","status-publish","has-post-thumbnail","hentry"],"_links":{"self":[{"href":"https:\/\/skupstina.hkdrustvo.hr\/49-2024\/en\/wp-json\/wp\/v2\/pages\/33","targetHints":{"allow":["GET"]}}],"collection":[{"href":"https:\/\/skupstina.hkdrustvo.hr\/49-2024\/en\/wp-json\/wp\/v2\/pages"}],"about":[{"href":"https:\/\/skupstina.hkdrustvo.hr\/49-2024\/en\/wp-json\/wp\/v2\/types\/page"}],"author":[{"embeddable":true,"href":"https:\/\/skupstina.hkdrustvo.hr\/49-2024\/en\/wp-json\/wp\/v2\/users\/1"}],"replies":[{"embeddable":true,"href":"https:\/\/skupstina.hkdrustvo.hr\/49-2024\/en\/wp-json\/wp\/v2\/comments?post=33"}],"version-history":[{"count":18,"href":"https:\/\/skupstina.hkdrustvo.hr\/49-2024\/en\/wp-json\/wp\/v2\/pages\/33\/revisions"}],"predecessor-version":[{"id":518,"href":"https:\/\/skupstina.hkdrustvo.hr\/49-2024\/en\/wp-json\/wp\/v2\/pages\/33\/revisions\/518"}],"wp:featuredmedia":[{"embeddable":true,"href":"https:\/\/skupstina.hkdrustvo.hr\/49-2024\/en\/wp-json\/wp\/v2\/media\/34"}],"wp:attachment":[{"href":"https:\/\/skupstina.hkdrustvo.hr\/49-2024\/en\/wp-json\/wp\/v2\/media?parent=33"}],"curies":[{"name":"wp","href":"https:\/\/api.w.org\/{rel}","templated":true}]}}