{"id":15,"date":"2024-08-02T17:09:13","date_gmt":"2024-08-02T15:09:13","guid":{"rendered":"https:\/\/skupstina.hkdrustvo.hr\/49-2024\/?page_id=15"},"modified":"2024-08-27T13:56:54","modified_gmt":"2024-08-27T11:56:54","slug":"preporuceni-smjestaj-za-sudionike-49-skupstine","status":"publish","type":"page","link":"https:\/\/skupstina.hkdrustvo.hr\/49-2024\/en\/preporuceni-smjestaj-za-sudionike-49-skupstine\/","title":{"rendered":"Recommended accommodation for participants of the 49th CLA Assembly"},"content":{"rendered":"<div class=\"wp-block-image\">\n<figure class=\"aligncenter size-full\"><img loading=\"lazy\" decoding=\"async\" width=\"367\" height=\"335\" src=\"https:\/\/skupstina.hkdrustvo.hr\/49-2024\/wp-content\/uploads\/sites\/2\/2024\/08\/Dama4.jpg\" alt=\"\" class=\"wp-image-16\" srcset=\"https:\/\/skupstina.hkdrustvo.hr\/49-2024\/wp-content\/uploads\/sites\/2\/2024\/08\/Dama4.jpg 367w, https:\/\/skupstina.hkdrustvo.hr\/49-2024\/wp-content\/uploads\/sites\/2\/2024\/08\/Dama4-300x274.jpg 300w, https:\/\/skupstina.hkdrustvo.hr\/49-2024\/wp-content\/uploads\/sites\/2\/2024\/08\/Dama4-329x300.jpg 329w\" sizes=\"auto, (max-width: 367px) 100vw, 367px\" \/><\/figure>\n<\/div>\n\n\n<p>Accommodation for the participants of the 49th Assembly is provided in Opatija in <strong>Grand<\/strong><strong> Hotel Adriatic I (4*)<\/strong> i&nbsp;<strong>Grand<\/strong><strong> Hotel Adriatic II <\/strong><strong>(3*).<\/strong><\/p>\n\n\n\n<p class=\"has-text-align-left\">Assembly participants can book accommodation at a more affordable price via the link: <a href=\"https:\/\/hotel-adriatic.book-official-website.com\/booking.php?company_id=3bd3ca05a2d927f251260c1acc91121b&amp;partners_access=HKD\" target=\"_blank\" rel=\"noreferrer noopener\">accomodation - SMJE\u0160TAJ (HKD)<\/a>&nbsp;<\/p>\n\n\n\n<p><strong>The price includes:&nbsp;<\/strong><\/p>\n\n\n\n<ul class=\"wp-block-list\">\n<li>accommodation in the selected room category with breakfast service (<em>buffet<\/em>)<\/li>\n\n\n\n<li>use of the indoor pool with heated sea water<\/li>\n\n\n\n<li>free Wi-Fi internet access in all hotel areas<\/li>\n\n\n\n<li>VAT<\/li>\n<\/ul>\n\n\n\n<p><strong>The price does not include:&nbsp;<\/strong><\/p>\n\n\n\n<ul class=\"wp-block-list\">\n<li>residence tax (approx. 1.50 EUR per person per day - subject to change)<\/li>\n\n\n\n<li><em>buffet<\/em>-lunch and <em>buffet<\/em>-dinner (optional supplement: EUR 35.00 per person and meal)<\/li>\n\n\n\n<li>parking fee (15.00 EUR per day)<\/li>\n<\/ul>\n\n\n\n<p><strong>All additional costs are paid by guests at the hotel.<\/strong><\/p>\n\n\n\n<p><strong>Accommodation price per person per day:<\/strong><\/p>\n\n\n\n<figure class=\"wp-block-table is-style-regular\"><table class=\"has-fixed-layout\"><tbody><tr><td><\/td><td>Grand Hotel Adriatic I (4*)<\/td><td>Grand Hotel Adriatic II (3*)<\/td><\/tr><tr><td>single room<\/td><td>120 EUR<\/td><td>100 EUR<\/td><\/tr><tr><td>double room<\/td><td>65 EUR<\/td><td>55 EUR<\/td><\/tr><\/tbody><\/table><\/figure>\n\n\n\n<p>The reservation center is available for all additional questions (<a href=\"mailto:info@hotel-adriatic.hr\">info@hotel-adriatic.hr<\/a>&nbsp;\/ + 385 51 719 010).<\/p>\n\n\n\n<p><\/p>","protected":false},"excerpt":{"rendered":"<p>Smje\u0161taj za sudionike 49. skup\u0161tine predvi\u0111en je u Opatiji u Grand Hotelu Adriatic I (4*) i&nbsp;Grand Hotelu Adriatic II (3*). Sudionici Skup\u0161tine mogu po povoljnijoj cijeni osigurati smje\u0161taj rezervacijom putem poveznice: SMJE\u0160TAJ (HKD)&nbsp; Cijena uklju\u010duje:&nbsp; Cijena ne uklju\u010duje:&nbsp; Sve dodatne tro\u0161kove gosti pla\u0107aju sami na licu mjesta. Cijena smje\u0161taja po osobi i danu: Grand Hotel [&hellip;]<\/p>","protected":false},"author":1,"featured_media":0,"parent":0,"menu_order":0,"comment_status":"closed","ping_status":"closed","template":"","meta":{"footnotes":""},"class_list":["post-15","page","type-page","status-publish","hentry"],"_links":{"self":[{"href":"https:\/\/skupstina.hkdrustvo.hr\/49-2024\/en\/wp-json\/wp\/v2\/pages\/15","targetHints":{"allow":["GET"]}}],"collection":[{"href":"https:\/\/skupstina.hkdrustvo.hr\/49-2024\/en\/wp-json\/wp\/v2\/pages"}],"about":[{"href":"https:\/\/skupstina.hkdrustvo.hr\/49-2024\/en\/wp-json\/wp\/v2\/types\/page"}],"author":[{"embeddable":true,"href":"https:\/\/skupstina.hkdrustvo.hr\/49-2024\/en\/wp-json\/wp\/v2\/users\/1"}],"replies":[{"embeddable":true,"href":"https:\/\/skupstina.hkdrustvo.hr\/49-2024\/en\/wp-json\/wp\/v2\/comments?post=15"}],"version-history":[{"count":10,"href":"https:\/\/skupstina.hkdrustvo.hr\/49-2024\/en\/wp-json\/wp\/v2\/pages\/15\/revisions"}],"predecessor-version":[{"id":531,"href":"https:\/\/skupstina.hkdrustvo.hr\/49-2024\/en\/wp-json\/wp\/v2\/pages\/15\/revisions\/531"}],"wp:attachment":[{"href":"https:\/\/skupstina.hkdrustvo.hr\/49-2024\/en\/wp-json\/wp\/v2\/media?parent=15"}],"curies":[{"name":"wp","href":"https:\/\/api.w.org\/{rel}","templated":true}]}}