{"id":13,"date":"2024-08-02T17:07:25","date_gmt":"2024-08-02T15:07:25","guid":{"rendered":"https:\/\/skupstina.hkdrustvo.hr\/49-2024\/?page_id=13"},"modified":"2024-10-02T13:16:57","modified_gmt":"2024-10-02T11:16:57","slug":"prijave","status":"publish","type":"page","link":"https:\/\/skupstina.hkdrustvo.hr\/49-2024\/en\/prijave\/","title":{"rendered":"CLA Assembly registration"},"content":{"rendered":"<p>Participation needs to be registered via the <a href=\"https:\/\/ls.hkdrustvo.hr\/index.php\/474683?lang=hr\">link.<\/a><\/p>\n\n\n\n<hr class=\"wp-block-separator has-alpha-channel-opacity is-style-wide\"\/>\n\n\n\n<p><strong>Presentations and e-poster presentations<\/strong> prijavljuju se putem prijavnice za sudjelovanje dostupne na <a href=\"https:\/\/ls.hkdrustvo.hr\/index.php\/474683?lang=hr\">link<\/a>.<\/p>\n\n\n\n<p>Sa\u017eetak treba sadr\u017eavati od 200 do 400 rije\u010di na hrvatskom i engleskom jeziku te je uz naslov potebno navesti pet klju\u010dnih rije\u010di. Za rad vi\u0161e autora sa\u017eetak je dovoljno unijeti u prijavnici za sudjelovnje jednog od autora.<\/p>\n\n\n\n<p>For a poster presentation, a poster should be written next to the title in parentheses.<\/p>\n\n\n\n<p>All received summaries undergo a double review process.<\/p>\n\n\n\n<hr class=\"wp-block-separator has-alpha-channel-opacity is-style-wide\"\/>\n\n\n\n<p><strong>Important dates:<\/strong><\/p>\n\n\n\n<p>Deadline for submission of abstracts: <strong>do 31. kolovoza 2024<\/strong>.<\/p>\n\n\n\n<p>Obavijest o prihva\u0107enim radovima: najkasnije <strong>do 4. listopada 2024<\/strong>.<\/p>\n\n\n\n<p>Papers that will be accepted and presented can be prepared for publication in <a href=\"https:\/\/izdanja.hkdrustvo.hr\/casopisi\/vbh\" target=\"_blank\" rel=\"noreferrer noopener\">Vjesnik bibliotekara Hrvatske<\/a>. Authors must comply with the <a href=\"http:\/\/izdanja.hkdrustvo.hr\/casopisi\/vbh\/about\/submissions#authorGuidelines\" target=\"_blank\" rel=\"noreferrer noopener\">Guidelines for authors<\/a>. All submitted papers undergo a review.<\/p>\n\n\n\n<hr class=\"wp-block-separator has-alpha-channel-opacity\"\/>\n\n\n\n<div class=\"wp-block-group\"><div class=\"wp-block-group__inner-container is-layout-constrained wp-block-group-is-layout-constrained\"><div class=\"wp-block-image\">\n<figure class=\"aligncenter\"><img decoding=\"async\" src=\"https:\/\/www.hkdrustvo.hr\/wp-content\/uploads\/2024\/06\/Picture2.png\" alt=\"\" class=\"wp-image-3070\"\/><\/figure>\n<\/div>\n\n\n<p>* podmirena \u010dlanarina regionalnom dru\u0161tvu za 2024.<br>** potrebno je dostaviti presliku studentske iskaznice ili potvrdu Fakulteta<\/p>\n<\/div><\/div>","protected":false},"excerpt":{"rendered":"<p>Za sudjelovanje je potrebno prijaviti se putem poveznice. Izlaganje i e-postersko izlaganje prijavljuju se putem prijavnice za sudjelovanje dostupne na poveznici. Sa\u017eetak treba sadr\u017eavati od 200 do 400 rije\u010di na hrvatskom i engleskom jeziku te je uz naslov potebno navesti pet klju\u010dnih rije\u010di. Za rad vi\u0161e autora sa\u017eetak je dovoljno unijeti u prijavnici za sudjelovnje [&hellip;]<\/p>","protected":false},"author":1,"featured_media":0,"parent":0,"menu_order":0,"comment_status":"closed","ping_status":"closed","template":"","meta":{"footnotes":""},"class_list":["post-13","page","type-page","status-publish","hentry"],"_links":{"self":[{"href":"https:\/\/skupstina.hkdrustvo.hr\/49-2024\/en\/wp-json\/wp\/v2\/pages\/13","targetHints":{"allow":["GET"]}}],"collection":[{"href":"https:\/\/skupstina.hkdrustvo.hr\/49-2024\/en\/wp-json\/wp\/v2\/pages"}],"about":[{"href":"https:\/\/skupstina.hkdrustvo.hr\/49-2024\/en\/wp-json\/wp\/v2\/types\/page"}],"author":[{"embeddable":true,"href":"https:\/\/skupstina.hkdrustvo.hr\/49-2024\/en\/wp-json\/wp\/v2\/users\/1"}],"replies":[{"embeddable":true,"href":"https:\/\/skupstina.hkdrustvo.hr\/49-2024\/en\/wp-json\/wp\/v2\/comments?post=13"}],"version-history":[{"count":11,"href":"https:\/\/skupstina.hkdrustvo.hr\/49-2024\/en\/wp-json\/wp\/v2\/pages\/13\/revisions"}],"predecessor-version":[{"id":592,"href":"https:\/\/skupstina.hkdrustvo.hr\/49-2024\/en\/wp-json\/wp\/v2\/pages\/13\/revisions\/592"}],"wp:attachment":[{"href":"https:\/\/skupstina.hkdrustvo.hr\/49-2024\/en\/wp-json\/wp\/v2\/media?parent=13"}],"curies":[{"name":"wp","href":"https:\/\/api.w.org\/{rel}","templated":true}]}}