{"id":129,"date":"2024-08-07T00:54:45","date_gmt":"2024-08-06T22:54:45","guid":{"rendered":"https:\/\/skupstina.hkdrustvo.hr\/49-2024\/?page_id=129"},"modified":"2024-08-28T09:57:13","modified_gmt":"2024-08-28T07:57:13","slug":"proba","status":"publish","type":"page","link":"https:\/\/skupstina.hkdrustvo.hr\/49-2024\/en\/proba\/","title":{"rendered":"Topics"},"content":{"rendered":"<p id=\"block-d00796a9-a34e-4823-bd3d-b0fb9cded274\">LIBRARY AND COMMUNITY:\u00a0 innovation, inclusiveness, diversity and sustainability<\/p>\n\n\n\n<ol id=\"block-ebfcd310-8e51-4a77-acb1-6e5d39e102c5\" class=\"wp-block-list\">\n<li><strong>Libraries and artificial intelligence: opportunities and challenges<\/strong><\/li>\n<\/ol>\n\n\n\n<div class=\"wp-block-group\"><div class=\"wp-block-group__inner-container is-layout-constrained wp-block-group-is-layout-constrained\">\n<ul id=\"block-33e48691-617e-4fbd-9d66-254105e5ffda\" class=\"wp-block-list\">\n<li>Subtopics\n<ul class=\"wp-block-list\">\n<li>Artificial intelligence: opportunities and challenges (social context)<\/li>\n\n\n\n<li>A new kind of literacy: AI literacy and the role of libraries in overcoming the new digital divide<\/li>\n\n\n\n<li>Transforming library systems with the help of artificial intelligence: innovations in information organization and processing<\/li>\n\n\n\n<li>Personalizing the user experience: how artificial intelligence can improve library use<\/li>\n\n\n\n<li>Ethical aspects of the application of artificial intelligence in librarianship: privacy, bias and responsibility<\/li>\n\n\n\n<li>Protecting intellectual property vs promoting innovation and wide availability of AI technologies: old problem, new context.<\/li>\n\n\n\n<li>Collections as data: strategies for managing digital collections in the context of artificial intelligence<\/li>\n\n\n\n<li>Inclusive library services: removing barriers with the help of artificial intelligence<\/li>\n\n\n\n<li>Interdisciplinary approaches to innovations in librarianship<\/li>\n\n\n\n<li>Education and training of librarians to work with advanced technologies<\/li>\n\n\n\n<li>Transformation of libraries and librarians in the context of artificial intelligence<\/li>\n<\/ul>\n<\/li>\n<\/ul>\n\n\n\n<ol start=\"2\" id=\"block-7c1a3ec1-4001-44d0-bbd5-d9ba5e6d6779\" class=\"wp-block-list\">\n<li><strong>Libraries in a multicultural context: inclusiveness, diversity and sustainability<\/strong><\/li>\n<\/ol>\n\n\n\n<ul id=\"block-203e1528-350c-40fc-91fb-d3a520c1ed83\" class=\"wp-block-list\">\n<li>Subtopics\n<ul class=\"wp-block-list\">\n<li>Multiculturality in libraries: empowering community integration through diversity<\/li>\n\n\n\n<li>Inclusivity in libraries: accessibility for all in the context of sustainable migration<\/li>\n\n\n\n<li>The role of libraries in sensitizing the public and advocating support for vulnerable groups in society<\/li>\n\n\n\n<li>Financial sustainability: funding models for library support programs in the new context of economic, climate and war migration<\/li>\n<\/ul>\n<\/li>\n<\/ul>\n\n\n\n<ol start=\"3\" id=\"block-19d80828-8a9c-4690-a949-0338cf590f44\" class=\"wp-block-list\">\n<li><strong>Green transition - the role and contribution of libraries and library services to the sustainable development of society<\/strong><\/li>\n<\/ol>\n\n\n\n<ul id=\"block-798f426d-725f-4889-99fd-bad86fb183a5\" class=\"wp-block-list\">\n<li>Subtopics\n<ul class=\"wp-block-list\">\n<li>Green initiative in librarianship: motivation and educational needs<\/li>\n\n\n\n<li>Sustainability in libraries - cooperation and networking with local communities<\/li>\n\n\n\n<li>Green innovations in library spaces and architecture<\/li>\n\n\n\n<li>Digital transformation of library resources - green technologies and practices<\/li>\n\n\n\n<li>Eco-activism and advocacy through libraries<\/li>\n\n\n\n<li>Citizen science and libraries<\/li>\n<\/ul>\n<\/li>\n<\/ul>\n\n\n\n<hr class=\"wp-block-separator has-alpha-channel-opacity\" id=\"block-a6e3512f-f35f-46ff-87d4-ebaa14eeb37d\"\/>\n\n\n\n<p id=\"block-6788a83c-cccf-4e67-ac55-3b8494a8da31\">Participation and participation with a presentation must be registered via the&nbsp;<a href=\"https:\/\/ls.hkdrustvo.hr\/index.php\/474683?lang=hr\">link<\/a>.<\/p>\n\n\n\n<hr class=\"wp-block-separator has-alpha-channel-opacity\" id=\"block-34059d01-c40b-4c22-a5e9-b13028d1ad98\"\/>\n\n\n\n<p id=\"block-9a83b737-ab46-4796-a610-827af6fa6fb5\">The presentation and e-poster presentation\u00a0are applied for through the participation application form available at&nbsp;<a href=\"https:\/\/ls.hkdrustvo.hr\/index.php\/474683?lang=hr\">link<\/a>.<\/p>\n\n\n\n<p id=\"block-a7290d3e-fb2f-4ff7-bc24-be60ce71d26b\">The summary should contain between 200 and 400 words in Croatian and English, with five key words in addition to the title. For the work of several authors, it is sufficient to enter the abstract in the application form for the participation of one of the authors.<\/p>\n\n\n\n<p id=\"block-2dd42cf3-8dee-4775-b380-5042264393c1\">All received summaries undergo a double review process.<\/p>\n\n\n\n<hr class=\"wp-block-separator has-alpha-channel-opacity\" id=\"block-99026888-f9f8-4e3c-b72b-4644ffbce89a\"\/>\n\n\n\n<p id=\"block-dbfb0449-6559-42c0-b613-35f53d776f85\"><strong>Important dates:<\/strong><\/p>\n\n\n\n<p id=\"block-cece0a60-c1bd-4264-86ed-94acb5e39239\">Deadline for submission of abstracts: <strong>no later than August 31, 2024.<\/strong><\/p>\n\n\n\n<p id=\"block-420d13f5-d812-40c8-8673-fff4b1ab3daa\">Notification to authors about accepted presentations: <strong>no later than October 1, 2024.<\/strong><\/p>\n\n\n\n<p id=\"block-9a859996-a3a0-480d-8b00-0ea7ceceedf1\">Papers that will be accepted and presented can be prepared for publication in <a href=\"https:\/\/izdanja.hkdrustvo.hr\/casopisi\/vbh\" target=\"_blank\" rel=\"noreferrer noopener\"><strong>Vjesnik bibliotekara Hrvatske<\/strong>. <\/a>Authors must comply with the <a href=\"http:\/\/izdanja.hkdrustvo.hr\/casopisi\/vbh\/about\/submissions#authorGuidelines\" data-type=\"link\" data-id=\"http:\/\/izdanja.hkdrustvo.hr\/casopisi\/vbh\/about\/submissions#authorGuidelines\" target=\"_blank\" rel=\"noreferrer noopener\">Guidelines for authors<\/a>. All submitted papers undergo a review.<\/p>\n<\/div><\/div>\n\n\n\n<p><\/p>","protected":false},"excerpt":{"rendered":"<p>KNJI\u017dNICA I ZAJEDNICA:&nbsp; inovativnost, inkluzivnost, raznolikost i odr\u017eivost Sudjelovanje i sudjelovanje s izlaganjem potrebno je prijaviti putem&nbsp;poveznice. Izlaganje i e-postersko izlaganje&nbsp;prijavljuju se putem prijavnice za sudjelovanje dostupne na&nbsp;poveznici. Sa\u017eetak treba imati od 200 do 400 rije\u010di na hrvatskom i engleskom jeziku te je uz naslov potebno navesti pet klju\u010dnih rije\u010di. Za rad vi\u0161e autora sa\u017eetak [&hellip;]<\/p>","protected":false},"author":1,"featured_media":0,"parent":0,"menu_order":0,"comment_status":"closed","ping_status":"closed","template":"","meta":{"footnotes":""},"class_list":["post-129","page","type-page","status-publish","hentry"],"_links":{"self":[{"href":"https:\/\/skupstina.hkdrustvo.hr\/49-2024\/en\/wp-json\/wp\/v2\/pages\/129","targetHints":{"allow":["GET"]}}],"collection":[{"href":"https:\/\/skupstina.hkdrustvo.hr\/49-2024\/en\/wp-json\/wp\/v2\/pages"}],"about":[{"href":"https:\/\/skupstina.hkdrustvo.hr\/49-2024\/en\/wp-json\/wp\/v2\/types\/page"}],"author":[{"embeddable":true,"href":"https:\/\/skupstina.hkdrustvo.hr\/49-2024\/en\/wp-json\/wp\/v2\/users\/1"}],"replies":[{"embeddable":true,"href":"https:\/\/skupstina.hkdrustvo.hr\/49-2024\/en\/wp-json\/wp\/v2\/comments?post=129"}],"version-history":[{"count":14,"href":"https:\/\/skupstina.hkdrustvo.hr\/49-2024\/en\/wp-json\/wp\/v2\/pages\/129\/revisions"}],"predecessor-version":[{"id":532,"href":"https:\/\/skupstina.hkdrustvo.hr\/49-2024\/en\/wp-json\/wp\/v2\/pages\/129\/revisions\/532"}],"wp:attachment":[{"href":"https:\/\/skupstina.hkdrustvo.hr\/49-2024\/en\/wp-json\/wp\/v2\/media?parent=129"}],"curies":[{"name":"wp","href":"https:\/\/api.w.org\/{rel}","templated":true}]}}