{"id":43,"date":"2023-10-02T06:07:35","date_gmt":"2023-10-02T04:07:35","guid":{"rendered":"https:\/\/skupstina.hkdrustvo.hr\/?page_id=43"},"modified":"2023-10-02T06:07:35","modified_gmt":"2023-10-02T04:07:35","slug":"okrugli-stol-komisije-za-pravne-i-srodne-knjiznice-pravna-pismenost-kako-iscitati-i-razumjeti-pravne-dimenzije-zakona-u-knjiznicarstvu","status":"publish","type":"page","link":"https:\/\/skupstina.hkdrustvo.hr\/48-2023\/naslovna\/okrugli-stol-komisije-za-pravne-i-srodne-knjiznice-pravna-pismenost-kako-iscitati-i-razumjeti-pravne-dimenzije-zakona-u-knjiznicarstvu\/","title":{"rendered":"Pravna pismenost: kako i\u0161\u010ditati i razumjeti pravne dimenzije zakona u knji\u017eni\u010darstvu"},"content":{"rendered":"\n<p class=\"has-medium-font-size\"><strong>Okrugli stol Komisije za pravne i srodne knji\u017enice<\/strong> <\/p>\n\n\n\n<blockquote class=\"wp-block-quote is-layout-flow wp-block-quote-is-layout-flow\">\n<p>EDITA BA\u010cI\u0106, BLA\u017dENKA PERADENI\u0106-KOTUR, DRAGUTIN NEMEC, KSENIJA \u0160VENDA-RADELJAK, LJILJANA SIBER, DEJANA GOLENKO<br>48. Skup\u0161tina Hrvatskoga knji\u017eni\u010darskog dru\u0161tva \u201ePi\u0161em, \u010ditam, razumijem i primjenjujem \u2013 zakonodavna podloga za poslovanje Dru\u0161tva\u201c, Zagreb, 13. i 14. studeni 2023. godine<\/p>\n<\/blockquote>\n\n\n\n<p>Na okruglom stolu Hrvatskog knji\u017eni\u010darskog dru\u0161tva, Komisije za pravne i srodne knji\u017enice \u017eeljeli bismo kroz interdisciplinarni pristup otvoriti raspravu s dionicima&nbsp;o va\u017enosti elementarnog razumijevanja pravnih propisa, gdje ih potra\u017eiti, kako ih vrednovati s obzirom na \u010deste promjene samih zakona, kako znati koji su propisi na snazi te koji od njih primijeniti, o va\u017enosti javne rasprave i e-Savjetovanjima te kako se snalaziti unutar njih.<\/p>\n\n\n\n<p>\u017delja nam je potaknuti raspravu o tome koliko razumijevanje prava mo\u017ee pridonijeti kvaliteti i napretku strate\u0161koga razvoja strukovne zajednice. No, s druge strane i koliko nerazumijevanje pravnih akata mo\u017ee imati ozbiljne implikacije, ne samo za knji\u017eni\u010darsku, ve\u0107 i za korisni\u010dku zajednicu.Cilj je okrugloga stola podi\u0107i razinu informiranosti knji\u017eni\u010darske zajednice o va\u017enosti razumijevanja i tuma\u010denja pravnih propisa u knji\u017eni\u010darskoj zajednici te boljem razumijevanju pravnih akata Hrvatskoga knji\u017eni\u010darskoga dru\u0161tva.<\/p>\n\n\n\n<p>O\u010dekivano trajanje okrugloga stola je 90 minuta.<br><br>Okrugli stol je namijenjen cjelokupnoj knji\u017eni\u010darskoj zajednici i drugim zainteresiranima.<\/p>\n\n\n\n<p>Sudionici:<\/p>\n\n\n\n<ol class=\"wp-block-list\">\n<li>izv. prof. dr. sc. Teo Giljevi\u0107 (Katedra za upravnu znanost Pravnog fakulteta Sveu\u010dili\u0161ta u Zagrebu)<\/li>\n\n\n\n<li>Niko Cvjetkovi\u0107, predsjednik Hrvatskoga knji\u017eni\u010dnog vije\u0107a (ravnatelj Gradske knji\u017enice Rijeka)<\/li>\n\n\n\n<li>Vanja Jurilj, dopredsjednica Hrvatske udruge \u0161kolskih knji\u017eni\u010dara (knji\u017eni\u010darka i dip. komparatistica, stru\u010dna suradnica knji\u017eni\u010darka Osnovna \u0161kola Antuna Mihanovi\u0107a)<\/li>\n\n\n\n<li>Aleksandra \u0160utalo, knji\u017eni\u010darka i dipl. novinarka, ravnateljica Gradske knji\u017enice Po\u017eega<\/li>\n\n\n\n<li>Edita Ba\u010di\u0107, knji\u017eni\u010darska savjetnica (Komisija za pravne i srodne knji\u017enice)<\/li>\n<\/ol>\n\n\n\n<p>Moderatorica:<br>Lea Lazzarich, knji\u017eni\u010darska savjetnica, ravnateljica Sveu\u010dili\u0161ne knji\u017enice Rijeka<\/p>\n","protected":false},"excerpt":{"rendered":"<p>Okrugli stol Komisije za pravne i srodne knji\u017enice EDITA BA\u010cI\u0106, BLA\u017dENKA PERADENI\u0106-KOTUR, DRAGUTIN NEMEC, KSENIJA \u0160VENDA-RADELJAK, LJILJANA SIBER, DEJANA GOLENKO48. Skup\u0161tina Hrvatskoga knji\u017eni\u010darskog dru\u0161tva \u201ePi\u0161em, \u010ditam, razumijem i primjenjujem \u2013 zakonodavna podloga za poslovanje Dru\u0161tva\u201c, Zagreb, 13. i 14. studeni &hellip; <a href=\"https:\/\/skupstina.hkdrustvo.hr\/48-2023\/naslovna\/okrugli-stol-komisije-za-pravne-i-srodne-knjiznice-pravna-pismenost-kako-iscitati-i-razumjeti-pravne-dimenzije-zakona-u-knjiznicarstvu\/\">Nastavi \u010ditati <span class=\"meta-nav\">&rarr;<\/span><\/a><\/p>\n","protected":false},"author":1,"featured_media":0,"parent":14,"menu_order":4,"comment_status":"closed","ping_status":"closed","template":"","meta":{"footnotes":""},"class_list":["post-43","page","type-page","status-publish","hentry"],"_links":{"self":[{"href":"https:\/\/skupstina.hkdrustvo.hr\/48-2023\/wp-json\/wp\/v2\/pages\/43","targetHints":{"allow":["GET"]}}],"collection":[{"href":"https:\/\/skupstina.hkdrustvo.hr\/48-2023\/wp-json\/wp\/v2\/pages"}],"about":[{"href":"https:\/\/skupstina.hkdrustvo.hr\/48-2023\/wp-json\/wp\/v2\/types\/page"}],"author":[{"embeddable":true,"href":"https:\/\/skupstina.hkdrustvo.hr\/48-2023\/wp-json\/wp\/v2\/users\/1"}],"replies":[{"embeddable":true,"href":"https:\/\/skupstina.hkdrustvo.hr\/48-2023\/wp-json\/wp\/v2\/comments?post=43"}],"version-history":[{"count":0,"href":"https:\/\/skupstina.hkdrustvo.hr\/48-2023\/wp-json\/wp\/v2\/pages\/43\/revisions"}],"up":[{"embeddable":true,"href":"https:\/\/skupstina.hkdrustvo.hr\/48-2023\/wp-json\/wp\/v2\/pages\/14"}],"wp:attachment":[{"href":"https:\/\/skupstina.hkdrustvo.hr\/48-2023\/wp-json\/wp\/v2\/media?parent=43"}],"curies":[{"name":"wp","href":"https:\/\/api.w.org\/{rel}","templated":true}]}}