{"id":58,"date":"2023-10-02T08:10:18","date_gmt":"2023-10-02T06:10:18","guid":{"rendered":"https:\/\/skupstina.hkdrustvo.hr\/?page_id=58"},"modified":"2023-10-02T08:10:18","modified_gmt":"2023-10-02T06:10:18","slug":"radna-tijela-skupstine","status":"publish","type":"page","link":"https:\/\/skupstina.hkdrustvo.hr\/48-2023\/en\/naslovna\/radna-tijela-skupstine\/","title":{"rendered":"Radna tijela Skup\u0161tine"},"content":{"rendered":"<p><\/p>\n\n\n\n<p><a href=\"https:\/\/skupstina.hkdrustvo.hr\/wp-content\/uploads\/2023\/10\/Dnevni-red-48.-Skupstine.pdf\" data-type=\"link\" data-id=\"https:\/\/skupstina.hkdrustvo.hr\/wp-content\/uploads\/2023\/10\/Dnevni-red-48.-Skupstine.pdf\">Prijedlog dnevnog reda 48. skup\u0161tine Hratskoga knji\u017eni\u010darskog dru\u0161tva<\/a> (objavljeno 14. 10. 2023.) <\/p>\n\n\n\n<p><a href=\"https:\/\/skupstina.hkdrustvo.hr\/wp-content\/uploads\/2023\/10\/Prijedlog-Statuta-HKD-a.pdf\" data-type=\"link\" data-id=\"https:\/\/skupstina.hkdrustvo.hr\/wp-content\/uploads\/2023\/10\/Prijedlog-Statuta-HKD-a.pdf\">Prijedlog novoga Statuta Hrvatskog knji\u017eni\u010darskog dru\u0161tva<\/a> (objavljeno 13. 10. 2023.)  <\/p>","protected":false},"excerpt":{"rendered":"<p>Prijedlog dnevnog reda 48. skup\u0161tine Hratskoga knji\u017eni\u010darskog dru\u0161tva (objavljeno 14. 10. 2023.) Prijedlog novoga Statuta Hrvatskog knji\u017eni\u010darskog dru\u0161tva (objavljeno 13. 10. 2023.)<\/p>","protected":false},"author":1,"featured_media":0,"parent":14,"menu_order":2,"comment_status":"closed","ping_status":"closed","template":"","meta":{"footnotes":""},"class_list":["post-58","page","type-page","status-publish","hentry"],"_links":{"self":[{"href":"https:\/\/skupstina.hkdrustvo.hr\/48-2023\/en\/wp-json\/wp\/v2\/pages\/58","targetHints":{"allow":["GET"]}}],"collection":[{"href":"https:\/\/skupstina.hkdrustvo.hr\/48-2023\/en\/wp-json\/wp\/v2\/pages"}],"about":[{"href":"https:\/\/skupstina.hkdrustvo.hr\/48-2023\/en\/wp-json\/wp\/v2\/types\/page"}],"author":[{"embeddable":true,"href":"https:\/\/skupstina.hkdrustvo.hr\/48-2023\/en\/wp-json\/wp\/v2\/users\/1"}],"replies":[{"embeddable":true,"href":"https:\/\/skupstina.hkdrustvo.hr\/48-2023\/en\/wp-json\/wp\/v2\/comments?post=58"}],"version-history":[{"count":0,"href":"https:\/\/skupstina.hkdrustvo.hr\/48-2023\/en\/wp-json\/wp\/v2\/pages\/58\/revisions"}],"up":[{"embeddable":true,"href":"https:\/\/skupstina.hkdrustvo.hr\/48-2023\/en\/wp-json\/wp\/v2\/pages\/14"}],"wp:attachment":[{"href":"https:\/\/skupstina.hkdrustvo.hr\/48-2023\/en\/wp-json\/wp\/v2\/media?parent=58"}],"curies":[{"name":"wp","href":"https:\/\/api.w.org\/{rel}","templated":true}]}}