{"id":40,"date":"2023-10-02T06:02:55","date_gmt":"2023-10-02T04:02:55","guid":{"rendered":"https:\/\/skupstina.hkdrustvo.hr\/?page_id=40"},"modified":"2023-10-02T06:02:55","modified_gmt":"2023-10-02T04:02:55","slug":"prijava-aktivnosti","status":"publish","type":"page","link":"https:\/\/skupstina.hkdrustvo.hr\/48-2023\/en\/naslovna\/prijava-aktivnosti\/","title":{"rendered":"Prijava aktivnosti"},"content":{"rendered":"<p>Ponu\u0111ene aktivnosti: panel rasprave, radionice, okrugli stol i posterska izlaganja.<\/p>\n\n\n\n<p>Za sudjelovanje je potrebno prijaviti se putem&nbsp;<a href=\"https:\/\/ls.hkdrustvo.hr\/index.php\/738957?lang=hr\">poveznice<\/a>.<br>Pozivamo zainteresirane \u010dlanove da po\u0161alju sa\u017eetke posterskih izlaganja u kojima \u0107e istaknuti najzna\u010dajnije i najzanimljivije doga\u0111aje iz protekle godine rada svojeg dru\u0161tva\/institucije\/vlastite aktivnosti.<\/p>\n\n\n\n<p>Sa\u017eetak postera mogu\u0107e je prijaviti putem&nbsp;<a href=\"https:\/\/ls.hkdrustvo.hr\/index.php\/738957?lang=hr\">poveznice<\/a>.<br>Rok za dostavu sa\u017eetaka posterskih izlaganja: 15. listopada 2023.<br>Sa\u017eetak postera \u2013 do 1800 znakova<br>Poster treba biti vertikalno orijentiran, dimenzija B1 (98\u00d768 cm) i sadr\u017eavati sljede\u0107e obvezne elemente:<br>&#8211; logo HKD-a<br>&#8211; imena i prezimena autor(ic)a<br>&#8211; naziv izlaganja na posteru<br>&#8211; naziv ustanove ili udruge<br>&#8211; najva\u017enije informacije o programu\/projektu\/istra\u017eivanju<\/p>\n\n\n\n<p>Nakon potvrde o prihva\u0107anju postera, potrebno ih je predati u elektroni\u010dkom i tiskanom obliku.<br>Poster u elektroni\u010dkom obliku potrebno je poslati na adresu hkd@hkdrustvo.hr do 10. 11. 2023. radi objave na mre\u017enim stranicama Skup\u0161tine i HKD-a, a u tiskanom obliku poster je potrebno dostaviti u ured HKD-a najkasnije 13. 11. 2023. godine.<\/p>","protected":false},"excerpt":{"rendered":"<p>Ponu\u0111ene aktivnosti: panel rasprave, radionice, okrugli stol i posterska izlaganja. Za sudjelovanje je potrebno prijaviti se putem&nbsp;poveznice.Pozivamo zainteresirane \u010dlanove da po\u0161alju sa\u017eetke posterskih izlaganja u kojima \u0107e istaknuti najzna\u010dajnije i najzanimljivije doga\u0111aje iz protekle godine rada svojeg dru\u0161tva\/institucije\/vlastite aktivnosti. Sa\u017eetak &hellip; <a href=\"https:\/\/skupstina.hkdrustvo.hr\/48-2023\/en\/naslovna\/prijava-aktivnosti\/\">Continue reading <span class=\"meta-nav\">&rarr;<\/span><\/a><\/p>","protected":false},"author":1,"featured_media":0,"parent":14,"menu_order":1,"comment_status":"closed","ping_status":"closed","template":"","meta":{"footnotes":""},"class_list":["post-40","page","type-page","status-publish","hentry"],"_links":{"self":[{"href":"https:\/\/skupstina.hkdrustvo.hr\/48-2023\/en\/wp-json\/wp\/v2\/pages\/40","targetHints":{"allow":["GET"]}}],"collection":[{"href":"https:\/\/skupstina.hkdrustvo.hr\/48-2023\/en\/wp-json\/wp\/v2\/pages"}],"about":[{"href":"https:\/\/skupstina.hkdrustvo.hr\/48-2023\/en\/wp-json\/wp\/v2\/types\/page"}],"author":[{"embeddable":true,"href":"https:\/\/skupstina.hkdrustvo.hr\/48-2023\/en\/wp-json\/wp\/v2\/users\/1"}],"replies":[{"embeddable":true,"href":"https:\/\/skupstina.hkdrustvo.hr\/48-2023\/en\/wp-json\/wp\/v2\/comments?post=40"}],"version-history":[{"count":0,"href":"https:\/\/skupstina.hkdrustvo.hr\/48-2023\/en\/wp-json\/wp\/v2\/pages\/40\/revisions"}],"up":[{"embeddable":true,"href":"https:\/\/skupstina.hkdrustvo.hr\/48-2023\/en\/wp-json\/wp\/v2\/pages\/14"}],"wp:attachment":[{"href":"https:\/\/skupstina.hkdrustvo.hr\/48-2023\/en\/wp-json\/wp\/v2\/media?parent=40"}],"curies":[{"name":"wp","href":"https:\/\/api.w.org\/{rel}","templated":true}]}}