{"id":37,"date":"2023-10-02T05:55:34","date_gmt":"2023-10-02T03:55:34","guid":{"rendered":"https:\/\/skupstina.hkdrustvo.hr\/?page_id=37"},"modified":"2023-10-02T05:55:34","modified_gmt":"2023-10-02T03:55:34","slug":"organizatori","status":"publish","type":"page","link":"https:\/\/skupstina.hkdrustvo.hr\/48-2023\/en\/organizatori\/","title":{"rendered":"Organizatori"},"content":{"rendered":"<p><br>Organizator: Hrvatsko knji\u017eni\u010darsko dru\u0161tvo<\/p>\n\n\n\n<p><br>Suorganizatori: <\/p>\n\n\n\n<ul class=\"wp-block-list\">\n<li>Zagreba\u010dko knji\u017eni\u010darsko dru\u0161tvo<\/li>\n<\/ul>\n\n\n\n<p>Programski i organizacijski odbor: <\/p>\n\n\n\n<ul class=\"wp-block-list\">\n<li>Jasenka Ple\u0161ko, <\/li>\n\n\n\n<li>Tatijana Petri\u0107, <\/li>\n\n\n\n<li>Sanja Brbora, <\/li>\n\n\n\n<li>Dejana Golenko, <\/li>\n\n\n\n<li>Dorja Mu\u010dnjak, <\/li>\n\n\n\n<li>Maja Sever Pavi\u0107, <\/li>\n\n\n\n<li>Sara Semenski, <\/li>\n\n\n\n<li>Arijana Herceg Mi\u0107anovi\u0107, <\/li>\n\n\n\n<li>Janja Maras, <\/li>\n\n\n\n<li>Evgenia Arh, <\/li>\n\n\n\n<li>Lea Lazzarich, <\/li>\n\n\n\n<li>Vesna Golubovi\u0107, <\/li>\n\n\n\n<li>Bla\u017eenka Peradeni\u0107-Kotur, <\/li>\n\n\n\n<li>Branka Marijanovi\u0107<\/li>\n<\/ul>\n\n\n\n<p>Stru\u010dni skup \u0107e se odr\u017eati uz financijsku potporu Ministarstva kulture i medija Republike Hrvatske.<\/p>","protected":false},"excerpt":{"rendered":"<p>Organizator: Hrvatsko knji\u017eni\u010darsko dru\u0161tvo Suorganizatori: Programski i organizacijski odbor: Stru\u010dni skup \u0107e se odr\u017eati uz financijsku potporu Ministarstva kulture i medija Republike Hrvatske.<\/p>","protected":false},"author":1,"featured_media":0,"parent":0,"menu_order":5,"comment_status":"closed","ping_status":"closed","template":"","meta":{"footnotes":""},"class_list":["post-37","page","type-page","status-publish","hentry"],"_links":{"self":[{"href":"https:\/\/skupstina.hkdrustvo.hr\/48-2023\/en\/wp-json\/wp\/v2\/pages\/37","targetHints":{"allow":["GET"]}}],"collection":[{"href":"https:\/\/skupstina.hkdrustvo.hr\/48-2023\/en\/wp-json\/wp\/v2\/pages"}],"about":[{"href":"https:\/\/skupstina.hkdrustvo.hr\/48-2023\/en\/wp-json\/wp\/v2\/types\/page"}],"author":[{"embeddable":true,"href":"https:\/\/skupstina.hkdrustvo.hr\/48-2023\/en\/wp-json\/wp\/v2\/users\/1"}],"replies":[{"embeddable":true,"href":"https:\/\/skupstina.hkdrustvo.hr\/48-2023\/en\/wp-json\/wp\/v2\/comments?post=37"}],"version-history":[{"count":0,"href":"https:\/\/skupstina.hkdrustvo.hr\/48-2023\/en\/wp-json\/wp\/v2\/pages\/37\/revisions"}],"wp:attachment":[{"href":"https:\/\/skupstina.hkdrustvo.hr\/48-2023\/en\/wp-json\/wp\/v2\/media?parent=37"}],"curies":[{"name":"wp","href":"https:\/\/api.w.org\/{rel}","templated":true}]}}